{"id":111,"date":"2026-01-30T14:25:52","date_gmt":"2026-01-30T13:25:52","guid":{"rendered":"https:\/\/fqplusz.hu\/?page_id=111"},"modified":"2026-02-12T11:58:56","modified_gmt":"2026-02-12T10:58:56","slug":"vaklapok","status":"publish","type":"page","link":"https:\/\/fqplusz.hu\/en\/vaklapok\/","title":{"rendered":"Blank Forms"},"content":{"rendered":"<div data-elementor-type=\"wp-page\" data-elementor-id=\"111\" class=\"elementor elementor-111\" data-elementor-post-type=\"page\">\n\t\t\t\t<div class=\"elementor-element elementor-element-2588355 e-flex e-con-boxed e-con e-parent\" data-id=\"2588355\" data-element_type=\"container\" data-e-type=\"container\" data-settings=\"{&quot;background_background&quot;:&quot;classic&quot;}\">\n\t\t\t\t\t<div class=\"e-con-inner\">\n\t\t\t\t\t<\/div>\n\t\t\t\t<\/div>\n\t\t<div class=\"elementor-element elementor-element-bb50cab e-con-full e-flex e-con e-child\" data-id=\"bb50cab\" data-element_type=\"container\" data-e-type=\"container\">\n\t\t\t\t<div class=\"elementor-element elementor-element-cad922d elementor-widget-divider--view-line elementor-widget elementor-widget-divider\" data-id=\"cad922d\" data-element_type=\"widget\" data-e-type=\"widget\" data-widget_type=\"divider.default\">\n\t\t\t\t\t\t\t<div class=\"elementor-divider\">\n\t\t\t<span class=\"elementor-divider-separator\">\n\t\t\t\t\t\t<\/span>\n\t\t<\/div>\n\t\t\t\t\t\t<\/div>\n\t\t\t\t<div class=\"elementor-element elementor-element-6643d73 elementor-widget__width-initial elementor-widget elementor-widget-text-editor\" data-id=\"6643d73\" data-element_type=\"widget\" data-e-type=\"widget\" data-widget_type=\"text-editor.default\">\n\t\t\t\t\t\t\t\t\t<p>Aj\u00e1nlatk\u00e9r\u00e9shez \u00e9s megrendel\u00e9shez t\u00f6ltse ki az xls-form\u00e1tumban let\u00f6lthet\u0151 vaklapot, \u00e9s k\u00fcldje el el\u00e9rhet\u0151s\u00e9g\u00fcnkre e-mailben.\u00a0 (E-mail c\u00edmeinkr\u0151l \u2013 a gyorsabb \u00fcgyint\u00e9z\u00e9s \u00e9rdek\u00e9ben \u2013 \u00e9rdekl\u0151dj\u00f6n telefonon.)<\/p>\t\t\t\t\t\t\t\t<\/div>\n\t\t\t\t<\/div>\n\t\t<div class=\"elementor-element elementor-element-b666754 e-flex e-con-boxed e-con e-parent\" data-id=\"b666754\" data-element_type=\"container\" data-e-type=\"container\">\n\t\t\t\t\t<div class=\"e-con-inner\">\n\t\t<div class=\"elementor-element elementor-element-804ebc0 e-con-full e-flex e-con e-child\" data-id=\"804ebc0\" data-element_type=\"container\" data-e-type=\"container\">\n\t\t<div class=\"elementor-element elementor-element-dd195f5 e-con-full e-flex e-con e-child\" data-id=\"dd195f5\" data-element_type=\"container\" data-e-type=\"container\">\n\t\t\t\t<div class=\"elementor-element elementor-element-4630e42 elementor-align-start elementor-icon-list--layout-traditional elementor-list-item-link-full_width elementor-widget elementor-widget-icon-list\" data-id=\"4630e42\" data-element_type=\"widget\" data-e-type=\"widget\" data-widget_type=\"icon-list.default\">\n\t\t\t\t\t\t\t<ul class=\"elementor-icon-list-items\">\n\t\t\t\t\t\t\t<li class=\"elementor-icon-list-item\">\n\t\t\t\t\t\t\t\t\t\t\t<span class=\"elementor-icon-list-icon\">\n\t\t\t\t\t\t\t<svg xmlns=\"http:\/\/www.w3.org\/2000\/svg\" id=\"Icons\" viewbox=\"0 0 60 60\" width=\"512\" height=\"512\"><path d=\"M50,60a4,4,0,0,0,4-4V16.242a4.024,4.024,0,0,0-1.172-2.828L40.586,1.172A4.024,4.024,0,0,0,37.758,0H10A4,4,0,0,0,6,4V56a4,4,0,0,0,4,4Zm.586-46H42a2,2,0,0,1-2-2V3.414ZM8,56V4a2,2,0,0,1,2-2H37.758A1.983,1.983,0,0,1,38,2.024V12a4,4,0,0,0,4,4h9.976a1.983,1.983,0,0,1,.024.242V56a2,2,0,0,1-2,2H10A2,2,0,0,1,8,56Z\"><\/path><path d=\"M15,26H45a1,1,0,0,0,0-2H15a1,1,0,0,0,0,2Z\"><\/path><path d=\"M15,34H45a1,1,0,0,0,0-2H15a1,1,0,0,0,0,2Z\"><\/path><path d=\"M15,42H45a1,1,0,0,0,0-2H15a1,1,0,0,0,0,2Z\"><\/path><path d=\"M15,50H35a1,1,0,0,0,0-2H15a1,1,0,0,0,0,2Z\"><\/path><\/svg>\t\t\t\t\t\t<\/span>\n\t\t\t\t\t\t\t\t\t\t<span class=\"elementor-icon-list-text\">Blank Form \u2013 For Orders<\/span>\n\t\t\t\t\t\t\t\t\t<\/li>\n\t\t\t\t\t\t<\/ul>\n\t\t\t\t\t\t<\/div>\n\t\t\t\t<\/div>\n\t\t<div class=\"elementor-element elementor-element-63017c0 e-con-full e-flex e-con e-child\" data-id=\"63017c0\" data-element_type=\"container\" data-e-type=\"container\">\n\t\t\t\t<div class=\"elementor-element elementor-element-793b397 animated-slow elementor-align-center elementor-widget elementor-widget-button\" data-id=\"793b397\" data-element_type=\"widget\" data-e-type=\"widget\" data-settings=\"{&quot;_animation&quot;:&quot;none&quot;,&quot;_animation_delay&quot;:400}\" data-widget_type=\"button.default\">\n\t\t\t\t\t\t\t\t\t\t<a class=\"elementor-button elementor-button-link elementor-size-sm\" href=\"https:\/\/fqplusz.hu\/wp-content\/uploads\/2026\/04\/FQPlusz_blank_order_forms.xlsx\" target=\"_blank\" download=\"\">\n\t\t\t\t\t\t<span class=\"elementor-button-content-wrapper\">\n\t\t\t\t\t\t\t\t\t<span class=\"elementor-button-text\">Download<\/span>\n\t\t\t\t\t<\/span>\n\t\t\t\t\t<\/a>\n\t\t\t\t\t\t\t\t<\/div>\n\t\t\t\t<\/div>\n\t\t\t\t<\/div>\n\t\t\t\t\t<\/div>\n\t\t\t\t<\/div>\n\t\t\t\t<\/div>","protected":false},"excerpt":{"rendered":"<p>Aj\u00e1nlatk\u00e9r\u00e9shez \u00e9s megrendel\u00e9shez t\u00f6ltse ki az xls-form\u00e1tumban let\u00f6lthet\u0151 vaklapot, \u00e9s k\u00fcldje el el\u00e9rhet\u0151s\u00e9g\u00fcnkre e-mailben.\u00a0 (E-mail c\u00edmeinkr\u0151l \u2013 a gyorsabb \u00fcgyint\u00e9z\u00e9s \u00e9rdek\u00e9ben \u2013 \u00e9rdekl\u0151dj\u00f6n telefonon.) Vaklap &#8211; Megrendel\u00e9sekhez Let\u00f6lt\u00e9s<\/p>","protected":false},"author":1,"featured_media":0,"parent":0,"menu_order":0,"comment_status":"closed","ping_status":"closed","template":"elementor_header_footer","meta":{"inline_featured_image":false,"footnotes":""},"class_list":["post-111","page","type-page","status-publish","hentry"],"yoast_head":"<!-- This site is optimized with the Yoast SEO plugin v27.3 - https:\/\/yoast.com\/product\/yoast-seo-wordpress\/ -->\n<title>Vaklapok - FQ Plusz<\/title>\n<meta name=\"robots\" content=\"index, follow, max-snippet:-1, max-image-preview:large, max-video-preview:-1\" \/>\n<link rel=\"canonical\" href=\"https:\/\/fqplusz.hu\/en\/vaklapok\/\" \/>\n<meta property=\"og:locale\" content=\"en_GB\" \/>\n<meta property=\"og:type\" content=\"article\" \/>\n<meta property=\"og:title\" content=\"Vaklapok - FQ Plusz\" \/>\n<meta property=\"og:description\" content=\"Aj\u00e1nlatk\u00e9r\u00e9shez \u00e9s megrendel\u00e9shez t\u00f6ltse ki az xls-form\u00e1tumban let\u00f6lthet\u0151 vaklapot, \u00e9s k\u00fcldje el el\u00e9rhet\u0151s\u00e9g\u00fcnkre e-mailben.\u00a0 (E-mail c\u00edmeinkr\u0151l \u2013 a gyorsabb \u00fcgyint\u00e9z\u00e9s \u00e9rdek\u00e9ben \u2013 \u00e9rdekl\u0151dj\u00f6n telefonon.) Vaklap &#8211; Megrendel\u00e9sekhez Let\u00f6lt\u00e9s\" \/>\n<meta property=\"og:url\" content=\"https:\/\/fqplusz.hu\/en\/vaklapok\/\" \/>\n<meta property=\"og:site_name\" content=\"FQ Plusz\" \/>\n<meta property=\"article:publisher\" content=\"https:\/\/www.facebook.com\/profile.php?id=100009154338135\" \/>\n<meta property=\"article:modified_time\" content=\"2026-02-12T10:58:56+00:00\" \/>\n<meta name=\"twitter:card\" content=\"summary_large_image\" \/>\n<script type=\"application\/ld+json\" class=\"yoast-schema-graph\">{\"@context\":\"https:\\\/\\\/schema.org\",\"@graph\":[{\"@type\":\"WebPage\",\"@id\":\"https:\\\/\\\/fqplusz.hu\\\/vaklapok\\\/\",\"url\":\"https:\\\/\\\/fqplusz.hu\\\/vaklapok\\\/\",\"name\":\"Vaklapok - FQ Plusz\",\"isPartOf\":{\"@id\":\"https:\\\/\\\/fqplusz.hu\\\/#website\"},\"datePublished\":\"2026-01-30T13:25:52+00:00\",\"dateModified\":\"2026-02-12T10:58:56+00:00\",\"breadcrumb\":{\"@id\":\"https:\\\/\\\/fqplusz.hu\\\/vaklapok\\\/#breadcrumb\"},\"inLanguage\":\"en-GB\",\"potentialAction\":[{\"@type\":\"ReadAction\",\"target\":[\"https:\\\/\\\/fqplusz.hu\\\/vaklapok\\\/\"]}]},{\"@type\":\"BreadcrumbList\",\"@id\":\"https:\\\/\\\/fqplusz.hu\\\/vaklapok\\\/#breadcrumb\",\"itemListElement\":[{\"@type\":\"ListItem\",\"position\":1,\"name\":\"Kezd\u0151lap\",\"item\":\"https:\\\/\\\/fqplusz.hu\\\/\"},{\"@type\":\"ListItem\",\"position\":2,\"name\":\"Vaklapok\"}]},{\"@type\":\"WebSite\",\"@id\":\"https:\\\/\\\/fqplusz.hu\\\/#website\",\"url\":\"https:\\\/\\\/fqplusz.hu\\\/\",\"name\":\"FQ Plusz\",\"description\":\"\",\"publisher\":{\"@id\":\"https:\\\/\\\/fqplusz.hu\\\/#organization\"},\"potentialAction\":[{\"@type\":\"SearchAction\",\"target\":{\"@type\":\"EntryPoint\",\"urlTemplate\":\"https:\\\/\\\/fqplusz.hu\\\/?s={search_term_string}\"},\"query-input\":{\"@type\":\"PropertyValueSpecification\",\"valueRequired\":true,\"valueName\":\"search_term_string\"}}],\"inLanguage\":\"en-GB\"},{\"@type\":\"Organization\",\"@id\":\"https:\\\/\\\/fqplusz.hu\\\/#organization\",\"name\":\"FQ Plusz\",\"url\":\"https:\\\/\\\/fqplusz.hu\\\/\",\"logo\":{\"@type\":\"ImageObject\",\"inLanguage\":\"en-GB\",\"@id\":\"https:\\\/\\\/fqplusz.hu\\\/#\\\/schema\\\/logo\\\/image\\\/\",\"url\":\"https:\\\/\\\/fqplusz.hu\\\/wp-content\\\/uploads\\\/2026\\\/01\\\/fqplusz_logo-01.svg\",\"contentUrl\":\"https:\\\/\\\/fqplusz.hu\\\/wp-content\\\/uploads\\\/2026\\\/01\\\/fqplusz_logo-01.svg\",\"width\":\"1024\",\"height\":\"1024\",\"caption\":\"FQ Plusz\"},\"image\":{\"@id\":\"https:\\\/\\\/fqplusz.hu\\\/#\\\/schema\\\/logo\\\/image\\\/\"},\"sameAs\":[\"https:\\\/\\\/www.facebook.com\\\/profile.php?id=100009154338135\"]}]}<\/script>\n<!-- \/ Yoast SEO plugin. -->","yoast_head_json":{"title":"Vaklapok - FQ Plusz","robots":{"index":"index","follow":"follow","max-snippet":"max-snippet:-1","max-image-preview":"max-image-preview:large","max-video-preview":"max-video-preview:-1"},"canonical":"https:\/\/fqplusz.hu\/en\/vaklapok\/","og_locale":"en_GB","og_type":"article","og_title":"Vaklapok - FQ Plusz","og_description":"Aj\u00e1nlatk\u00e9r\u00e9shez \u00e9s megrendel\u00e9shez t\u00f6ltse ki az xls-form\u00e1tumban let\u00f6lthet\u0151 vaklapot, \u00e9s k\u00fcldje el el\u00e9rhet\u0151s\u00e9g\u00fcnkre e-mailben.\u00a0 (E-mail c\u00edmeinkr\u0151l \u2013 a gyorsabb \u00fcgyint\u00e9z\u00e9s \u00e9rdek\u00e9ben \u2013 \u00e9rdekl\u0151dj\u00f6n telefonon.) Vaklap &#8211; Megrendel\u00e9sekhez Let\u00f6lt\u00e9s","og_url":"https:\/\/fqplusz.hu\/en\/vaklapok\/","og_site_name":"FQ Plusz","article_publisher":"https:\/\/www.facebook.com\/profile.php?id=100009154338135","article_modified_time":"2026-02-12T10:58:56+00:00","twitter_card":"summary_large_image","schema":{"@context":"https:\/\/schema.org","@graph":[{"@type":"WebPage","@id":"https:\/\/fqplusz.hu\/vaklapok\/","url":"https:\/\/fqplusz.hu\/vaklapok\/","name":"Vaklapok - FQ Plusz","isPartOf":{"@id":"https:\/\/fqplusz.hu\/#website"},"datePublished":"2026-01-30T13:25:52+00:00","dateModified":"2026-02-12T10:58:56+00:00","breadcrumb":{"@id":"https:\/\/fqplusz.hu\/vaklapok\/#breadcrumb"},"inLanguage":"en-GB","potentialAction":[{"@type":"ReadAction","target":["https:\/\/fqplusz.hu\/vaklapok\/"]}]},{"@type":"BreadcrumbList","@id":"https:\/\/fqplusz.hu\/vaklapok\/#breadcrumb","itemListElement":[{"@type":"ListItem","position":1,"name":"Kezd\u0151lap","item":"https:\/\/fqplusz.hu\/"},{"@type":"ListItem","position":2,"name":"Vaklapok"}]},{"@type":"WebSite","@id":"https:\/\/fqplusz.hu\/#website","url":"https:\/\/fqplusz.hu\/","name":"FQ Plusz","description":"","publisher":{"@id":"https:\/\/fqplusz.hu\/#organization"},"potentialAction":[{"@type":"SearchAction","target":{"@type":"EntryPoint","urlTemplate":"https:\/\/fqplusz.hu\/?s={search_term_string}"},"query-input":{"@type":"PropertyValueSpecification","valueRequired":true,"valueName":"search_term_string"}}],"inLanguage":"en-GB"},{"@type":"Organization","@id":"https:\/\/fqplusz.hu\/#organization","name":"FQ Plusz","url":"https:\/\/fqplusz.hu\/","logo":{"@type":"ImageObject","inLanguage":"en-GB","@id":"https:\/\/fqplusz.hu\/#\/schema\/logo\/image\/","url":"https:\/\/fqplusz.hu\/wp-content\/uploads\/2026\/01\/fqplusz_logo-01.svg","contentUrl":"https:\/\/fqplusz.hu\/wp-content\/uploads\/2026\/01\/fqplusz_logo-01.svg","width":"1024","height":"1024","caption":"FQ Plusz"},"image":{"@id":"https:\/\/fqplusz.hu\/#\/schema\/logo\/image\/"},"sameAs":["https:\/\/www.facebook.com\/profile.php?id=100009154338135"]}]}},"_links":{"self":[{"href":"https:\/\/fqplusz.hu\/en\/wp-json\/wp\/v2\/pages\/111","targetHints":{"allow":["GET"]}}],"collection":[{"href":"https:\/\/fqplusz.hu\/en\/wp-json\/wp\/v2\/pages"}],"about":[{"href":"https:\/\/fqplusz.hu\/en\/wp-json\/wp\/v2\/types\/page"}],"author":[{"embeddable":true,"href":"https:\/\/fqplusz.hu\/en\/wp-json\/wp\/v2\/users\/1"}],"replies":[{"embeddable":true,"href":"https:\/\/fqplusz.hu\/en\/wp-json\/wp\/v2\/comments?post=111"}],"version-history":[{"count":31,"href":"https:\/\/fqplusz.hu\/en\/wp-json\/wp\/v2\/pages\/111\/revisions"}],"predecessor-version":[{"id":1130,"href":"https:\/\/fqplusz.hu\/en\/wp-json\/wp\/v2\/pages\/111\/revisions\/1130"}],"wp:attachment":[{"href":"https:\/\/fqplusz.hu\/en\/wp-json\/wp\/v2\/media?parent=111"}],"curies":[{"name":"wp","href":"https:\/\/api.w.org\/{rel}","templated":true}]}}