{"id":1198,"date":"2026-02-12T12:41:41","date_gmt":"2026-02-12T11:41:41","guid":{"rendered":"https:\/\/fqplusz.hu\/?page_id=1198"},"modified":"2026-03-25T09:54:46","modified_gmt":"2026-03-25T08:54:46","slug":"tanusitvanyok","status":"publish","type":"page","link":"https:\/\/fqplusz.hu\/en\/tanusitvanyok\/","title":{"rendered":"Certifications"},"content":{"rendered":"\t\t<div data-elementor-type=\"wp-page\" data-elementor-id=\"1198\" class=\"elementor elementor-1198\" data-elementor-post-type=\"page\">\n\t\t\t\t<div class=\"elementor-element elementor-element-20cec0d e-flex e-con-boxed e-con e-parent\" data-id=\"20cec0d\" data-element_type=\"container\" data-e-type=\"container\" data-settings=\"{&quot;background_background&quot;:&quot;classic&quot;}\">\n\t\t\t\t\t<div class=\"e-con-inner\">\n\t\t\t\t\t<\/div>\n\t\t\t\t<\/div>\n\t\t<div class=\"elementor-element elementor-element-d49fa2c e-con-full e-flex e-con e-child\" data-id=\"d49fa2c\" data-element_type=\"container\" data-e-type=\"container\">\n\t\t\t\t<div class=\"elementor-element elementor-element-46a2147 elementor-widget-divider--view-line elementor-widget elementor-widget-divider\" data-id=\"46a2147\" data-element_type=\"widget\" data-e-type=\"widget\" data-widget_type=\"divider.default\">\n\t\t\t\t\t\t\t<div class=\"elementor-divider\">\n\t\t\t<span class=\"elementor-divider-separator\">\n\t\t\t\t\t\t<\/span>\n\t\t<\/div>\n\t\t\t\t\t\t<\/div>\n\t\t\t\t<div class=\"elementor-element elementor-element-5884f72 elementor-widget__width-initial elementor-widget elementor-widget-text-editor\" data-id=\"5884f72\" data-element_type=\"widget\" data-e-type=\"widget\" data-widget_type=\"text-editor.default\">\n\t\t\t\t\t\t\t\t\t<p data-start=\"126\" data-end=\"243\">Tekintse meg szakmai tan\u00fas\u00edtv\u00e1nyainkat \u00e9s min\u0151s\u00edt\u00e9seinket, amelyek munk\u00e1nk megb\u00edzhat\u00f3s\u00e1g\u00e1t \u00e9s szak\u00e9rtelm\u00e9t igazolj\u00e1k.<\/p>\t\t\t\t\t\t\t\t<\/div>\n\t\t\t\t<\/div>\n\t\t<div class=\"elementor-element elementor-element-70ccea4 e-con-full e-flex e-con e-parent\" data-id=\"70ccea4\" data-element_type=\"container\" data-e-type=\"container\">\n\t\t<div class=\"elementor-element elementor-element-caa03b0 e-con-full e-flex e-con e-child\" data-id=\"caa03b0\" data-element_type=\"container\" data-e-type=\"container\">\n\t\t\t\t<div class=\"elementor-element elementor-element-9930278 elementor-widget elementor-widget-heading\" data-id=\"9930278\" data-element_type=\"widget\" data-e-type=\"widget\" data-widget_type=\"heading.default\">\n\t\t\t\t\t<div class=\"elementor-heading-title elementor-size-default\">Min\u0151s\u00edt\u00e9sek<\/div>\t\t\t\t<\/div>\n\t\t\t\t<div class=\"elementor-element elementor-element-28ec62b elementor-widget-divider--view-line elementor-widget elementor-widget-divider\" data-id=\"28ec62b\" data-element_type=\"widget\" data-e-type=\"widget\" data-widget_type=\"divider.default\">\n\t\t\t\t\t\t\t<div class=\"elementor-divider\">\n\t\t\t<span class=\"elementor-divider-separator\">\n\t\t\t\t\t\t<\/span>\n\t\t<\/div>\n\t\t\t\t\t\t<\/div>\n\t\t\t\t<div class=\"elementor-element elementor-element-749785b elementor-widget__width-initial elementor-widget elementor-widget-heading\" data-id=\"749785b\" data-element_type=\"widget\" data-e-type=\"widget\" data-widget_type=\"heading.default\">\n\t\t\t\t\t<div class=\"elementor-heading-title elementor-size-default\">Enged\u00e9lyek, tan\u00fas\u00edtv\u00e1nyok\n<\/div>\t\t\t\t<\/div>\n\t\t\t\t<\/div>\n\t\t<div class=\"elementor-element elementor-element-859ecc3 e-con-full animated-slow e-flex elementor-invisible e-con e-child\" data-id=\"859ecc3\" data-element_type=\"container\" data-e-type=\"container\" data-settings=\"{&quot;animation&quot;:&quot;fadeIn&quot;,&quot;animation_delay&quot;:200}\">\n\t\t<div class=\"elementor-element elementor-element-9fda4b1 e-con-full e-flex e-con e-child\" data-id=\"9fda4b1\" data-element_type=\"container\" data-e-type=\"container\">\n\t\t\t\t<div class=\"elementor-element elementor-element-a77024e elementor-view-default elementor-widget elementor-widget-icon\" data-id=\"a77024e\" data-element_type=\"widget\" data-e-type=\"widget\" data-widget_type=\"icon.default\">\n\t\t\t\t\t\t\t<div class=\"elementor-icon-wrapper\">\n\t\t\t<div class=\"elementor-icon\">\n\t\t\t<svg xmlns=\"http:\/\/www.w3.org\/2000\/svg\" id=\"Icons\" viewBox=\"0 0 60 60\" width=\"512\" height=\"512\"><path d=\"M50,60a4,4,0,0,0,4-4V16.242a4.024,4.024,0,0,0-1.172-2.828L40.586,1.172A4.024,4.024,0,0,0,37.758,0H10A4,4,0,0,0,6,4V56a4,4,0,0,0,4,4Zm.586-46H42a2,2,0,0,1-2-2V3.414ZM8,56V4a2,2,0,0,1,2-2H37.758A1.983,1.983,0,0,1,38,2.024V12a4,4,0,0,0,4,4h9.976a1.983,1.983,0,0,1,.024.242V56a2,2,0,0,1-2,2H10A2,2,0,0,1,8,56Z\"><\/path><path d=\"M15,26H45a1,1,0,0,0,0-2H15a1,1,0,0,0,0,2Z\"><\/path><path d=\"M15,34H45a1,1,0,0,0,0-2H15a1,1,0,0,0,0,2Z\"><\/path><path d=\"M15,42H45a1,1,0,0,0,0-2H15a1,1,0,0,0,0,2Z\"><\/path><path d=\"M15,50H35a1,1,0,0,0,0-2H15a1,1,0,0,0,0,2Z\"><\/path><\/svg>\t\t\t<\/div>\n\t\t<\/div>\n\t\t\t\t\t\t<\/div>\n\t\t\t\t<div class=\"elementor-element elementor-element-f90f9de elementor-widget__width-initial elementor-widget elementor-widget-heading\" data-id=\"f90f9de\" data-element_type=\"widget\" data-e-type=\"widget\" data-widget_type=\"heading.default\">\n\t\t\t\t\t<div class=\"elementor-heading-title elementor-size-default\">Min\u0151s\u00e9g- \u00e9s k\u00f6rnyezetpolitika<\/div>\t\t\t\t<\/div>\n\t\t\t\t<div class=\"elementor-element elementor-element-f9819c9 elementor-widget__width-initial elementor-widget elementor-widget-text-editor\" data-id=\"f9819c9\" data-element_type=\"widget\" data-e-type=\"widget\" data-widget_type=\"text-editor.default\">\n\t\t\t\t\t\t\t\t\t<p>Rendelkez\u00fcnk bels\u0151 min\u0151s\u00e9g biztos\u00edt\u00e1si rendszerrel<\/p>\t\t\t\t\t\t\t\t<\/div>\n\t\t\t\t<\/div>\n\t\t<div class=\"elementor-element elementor-element-f5c2ec9 e-con-full e-flex e-con e-child\" data-id=\"f5c2ec9\" data-element_type=\"container\" data-e-type=\"container\">\n\t\t\t\t<div class=\"elementor-element elementor-element-0dc81cb elementor-view-default elementor-widget elementor-widget-icon\" data-id=\"0dc81cb\" data-element_type=\"widget\" data-e-type=\"widget\" data-widget_type=\"icon.default\">\n\t\t\t\t\t\t\t<div class=\"elementor-icon-wrapper\">\n\t\t\t<div class=\"elementor-icon\">\n\t\t\t<svg xmlns=\"http:\/\/www.w3.org\/2000\/svg\" id=\"Icons\" viewBox=\"0 0 60 60\" width=\"512\" height=\"512\"><path d=\"M50,60a4,4,0,0,0,4-4V16.242a4.024,4.024,0,0,0-1.172-2.828L40.586,1.172A4.024,4.024,0,0,0,37.758,0H10A4,4,0,0,0,6,4V56a4,4,0,0,0,4,4Zm.586-46H42a2,2,0,0,1-2-2V3.414ZM8,56V4a2,2,0,0,1,2-2H37.758A1.983,1.983,0,0,1,38,2.024V12a4,4,0,0,0,4,4h9.976a1.983,1.983,0,0,1,.024.242V56a2,2,0,0,1-2,2H10A2,2,0,0,1,8,56Z\"><\/path><path d=\"M15,26H45a1,1,0,0,0,0-2H15a1,1,0,0,0,0,2Z\"><\/path><path d=\"M15,34H45a1,1,0,0,0,0-2H15a1,1,0,0,0,0,2Z\"><\/path><path d=\"M15,42H45a1,1,0,0,0,0-2H15a1,1,0,0,0,0,2Z\"><\/path><path d=\"M15,50H35a1,1,0,0,0,0-2H15a1,1,0,0,0,0,2Z\"><\/path><\/svg>\t\t\t<\/div>\n\t\t<\/div>\n\t\t\t\t\t\t<\/div>\n\t\t\t\t<div class=\"elementor-element elementor-element-0870366 elementor-widget__width-initial elementor-widget elementor-widget-heading\" data-id=\"0870366\" data-element_type=\"widget\" data-e-type=\"widget\" data-widget_type=\"heading.default\">\n\t\t\t\t\t<div class=\"elementor-heading-title elementor-size-default\">F\u00fcst- \u00e9s h\u0151szab\u00e1lyoz\u00f3 rendszerek<\/div>\t\t\t\t<\/div>\n\t\t\t\t<div class=\"elementor-element elementor-element-f0688c5 elementor-widget__width-initial elementor-widget elementor-widget-text-editor\" data-id=\"f0688c5\" data-element_type=\"widget\" data-e-type=\"widget\" data-widget_type=\"text-editor.default\">\n\t\t\t\t\t\t\t\t\t<p>Ez a tan\u00fas\u00edtv\u00e1ny igazolja, hogy term\u00e9keink megfelelnek az EN 12101-7:2011 szabv\u00e1ny ZA mell\u00e9klete szerint meghat\u00e1rozott teljes\u00edtm\u00e9nyek \u00e9s a teljes\u00edtm\u00e9ny \u00e1lland\u00f3s\u00e1g \u00e9rt\u00e9kel\u00e9s\u00e9re \u00e9s ellen\u0151rz\u00e9s\u00e9re vonatkoz\u00f3 k\u00f6vetelm\u00e9nyeknek.<\/p>\t\t\t\t\t\t\t\t<\/div>\n\t\t\t\t<div class=\"elementor-element elementor-element-a1bed29 elementor-align-left animated-slow elementor-invisible elementor-widget elementor-widget-button\" data-id=\"a1bed29\" data-element_type=\"widget\" data-e-type=\"widget\" data-settings=\"{&quot;_animation&quot;:&quot;fadeIn&quot;,&quot;_animation_delay&quot;:400}\" data-widget_type=\"button.default\">\n\t\t\t\t\t\t\t\t\t\t<a class=\"elementor-button elementor-button-link elementor-size-sm\" href=\"https:\/\/fqplusz.hu\/wp-content\/uploads\/2026\/02\/FQ-Plusz_EK_TAT_1415-CPR-106-C-47-2020_20210830.pdf\" target=\"_blank\" download=\"\">\n\t\t\t\t\t\t<span class=\"elementor-button-content-wrapper\">\n\t\t\t\t\t\t<span class=\"elementor-button-icon\">\n\t\t\t\t<svg xmlns=\"http:\/\/www.w3.org\/2000\/svg\" id=\"Layer_1\" data-name=\"Layer 1\" viewBox=\"0 0 24 24\"><path d=\"m18.541,10.894l-4.717-4.717-.707.707,4.616,4.617H5v1h12.735l-4.618,4.617.707.707,4.717-4.716c.296-.296.459-.69.459-1.108s-.163-.812-.459-1.106Z\"><\/path><\/svg>\t\t\t<\/span>\n\t\t\t\t\t\t\t\t\t<span class=\"elementor-button-text\">Let\u00f6lt\u00e9s<\/span>\n\t\t\t\t\t<\/span>\n\t\t\t\t\t<\/a>\n\t\t\t\t\t\t\t\t<\/div>\n\t\t\t\t<\/div>\n\t\t\t\t<\/div>\n\t\t\t\t<\/div>\n\t\t<div class=\"elementor-element elementor-element-379596d e-flex e-con-boxed e-con e-parent\" data-id=\"379596d\" data-element_type=\"container\" data-e-type=\"container\" data-settings=\"{&quot;background_background&quot;:&quot;classic&quot;}\">\n\t\t\t\t\t<div class=\"e-con-inner\">\n\t\t\t\t<div class=\"elementor-element elementor-element-87399cd elementor-view-default elementor-widget elementor-widget-icon\" data-id=\"87399cd\" data-element_type=\"widget\" data-e-type=\"widget\" data-settings=\"{&quot;motion_fx_motion_fx_scrolling&quot;:&quot;yes&quot;,&quot;motion_fx_translateX_effect&quot;:&quot;yes&quot;,&quot;motion_fx_translateX_speed&quot;:{&quot;unit&quot;:&quot;px&quot;,&quot;size&quot;:2,&quot;sizes&quot;:[]},&quot;motion_fx_translateX_affectedRange&quot;:{&quot;unit&quot;:&quot;%&quot;,&quot;size&quot;:&quot;&quot;,&quot;sizes&quot;:{&quot;start&quot;:0,&quot;end&quot;:100}},&quot;motion_fx_devices&quot;:[&quot;desktop&quot;,&quot;tablet&quot;,&quot;mobile&quot;]}\" data-widget_type=\"icon.default\">\n\t\t\t\t\t\t\t<div class=\"elementor-icon-wrapper\">\n\t\t\t<div class=\"elementor-icon\">\n\t\t\t<svg xmlns=\"http:\/\/www.w3.org\/2000\/svg\" xmlns:xlink=\"http:\/\/www.w3.org\/1999\/xlink\" id=\"Capa_1\" x=\"0px\" y=\"0px\" viewBox=\"0 0 60 60\" style=\"enable-background:new 0 0 60 60;\" xml:space=\"preserve\"><g>\t<path d=\"M10,25.465h13c0.553,0,1-0.448,1-1s-0.447-1-1-1H10c-0.553,0-1,0.448-1,1S9.447,25.465,10,25.465z\"><\/path>\t<path d=\"M36,29.465H10c-0.553,0-1,0.448-1,1s0.447,1,1,1h26c0.553,0,1-0.448,1-1S36.553,29.465,36,29.465z\"><\/path>\t<path d=\"M36,35.465H10c-0.553,0-1,0.448-1,1s0.447,1,1,1h26c0.553,0,1-0.448,1-1S36.553,35.465,36,35.465z\"><\/path>\t<path d=\"M54.072,2.535L19.93,2.465c-3.27,0-5.93,2.66-5.93,5.93v5.124l-8.07,0.017c-3.27,0-5.93,2.66-5.93,5.93v21.141   c0,3.27,2.66,5.929,5.93,5.929H12v10c0,0.413,0.254,0.784,0.64,0.933c0.117,0.045,0.239,0.067,0.36,0.067   c0.276,0,0.547-0.115,0.74-0.327l9.704-10.675l16.626-0.068c3.27,0,5.93-2.66,5.93-5.929v-0.113l5.26,5.786   c0.193,0.212,0.464,0.327,0.74,0.327c0.121,0,0.243-0.022,0.36-0.067c0.386-0.149,0.64-0.52,0.64-0.933v-10h1.07   c3.27,0,5.93-2.66,5.93-5.929V8.465C60,5.196,57.341,2.536,54.072,2.535z M44,40.536c0,2.167-1.763,3.929-3.934,3.929l-17.07,0.07   c-0.28,0.001-0.548,0.12-0.736,0.327L14,53.949v-8.414c0-0.552-0.447-1-1-1H5.93c-2.167,0-3.93-1.763-3.93-3.929V19.465   c0-2.167,1.763-3.93,3.932-3.93l9.068-0.019c0,0,0,0,0,0c0.001,0,0.001,0,0.002,0l25.068-0.052c2.167,0,3.93,1.763,3.93,3.93   v18.441V40.536z M58,29.606c0,2.167-1.763,3.929-3.93,3.929H52c-0.553,0-1,0.448-1,1v8.414l-5-5.5V19.395   c0-3.27-2.66-5.93-5.932-5.93L16,13.514v-5.12c0-2.167,1.763-3.93,3.928-3.93l34.141,0.07c0.001,0,0.001,0,0.002,0   c2.167,0,3.93,1.763,3.93,3.93V29.606z\"><\/path><\/g><g><\/g><g><\/g><g><\/g><g><\/g><g><\/g><g><\/g><g><\/g><g><\/g><g><\/g><g><\/g><g><\/g><g><\/g><g><\/g><g><\/g><g><\/g><\/svg>\t\t\t<\/div>\n\t\t<\/div>\n\t\t\t\t\t\t<\/div>\n\t\t\t\t<div class=\"elementor-element elementor-element-66a95b2 elementor-widget__width-initial elementor-invisible elementor-widget elementor-widget-heading\" data-id=\"66a95b2\" data-element_type=\"widget\" data-e-type=\"widget\" data-settings=\"{&quot;_animation&quot;:&quot;fadeInUp&quot;}\" data-widget_type=\"heading.default\">\n\t\t\t\t\t<div class=\"elementor-heading-title elementor-size-default\">K\u00e9rd\u00e9se van?<\/div>\t\t\t\t<\/div>\n\t\t\t\t<div class=\"elementor-element elementor-element-bac7e22 elementor-widget__width-initial elementor-widget elementor-widget-heading\" data-id=\"bac7e22\" data-element_type=\"widget\" data-e-type=\"widget\" data-widget_type=\"heading.default\">\n\t\t\t\t\t<div class=\"elementor-heading-title elementor-size-default\">Keressen minket bizalommal!\n\n<\/div>\t\t\t\t<\/div>\n\t\t\t\t<div class=\"elementor-element elementor-element-4a8d0de animated-slow elementor-align-left elementor-invisible elementor-widget elementor-widget-button\" data-id=\"4a8d0de\" data-element_type=\"widget\" data-e-type=\"widget\" data-settings=\"{&quot;_animation&quot;:&quot;fadeIn&quot;,&quot;_animation_delay&quot;:400}\" data-widget_type=\"button.default\">\n\t\t\t\t\t\t\t\t\t\t<a class=\"elementor-button elementor-button-link elementor-size-sm\" href=\"\/kapcsolat\">\n\t\t\t\t\t\t<span class=\"elementor-button-content-wrapper\">\n\t\t\t\t\t\t\t\t\t<span class=\"elementor-button-text\">Kapcsolat<\/span>\n\t\t\t\t\t<\/span>\n\t\t\t\t\t<\/a>\n\t\t\t\t\t\t\t\t<\/div>\n\t\t\t\t\t<\/div>\n\t\t\t\t<\/div>\n\t\t\t\t<\/div>\n\t\t","protected":false},"excerpt":{"rendered":"<p>Tekintse meg szakmai tan\u00fas\u00edtv\u00e1nyainkat \u00e9s min\u0151s\u00edt\u00e9seinket, amelyek munk\u00e1nk megb\u00edzhat\u00f3s\u00e1g\u00e1t \u00e9s szak\u00e9rtelm\u00e9t igazolj\u00e1k. Min\u0151s\u00edt\u00e9sek Enged\u00e9lyek, tan\u00fas\u00edtv\u00e1nyok Min\u0151s\u00e9g- \u00e9s k\u00f6rnyezetpolitika Rendelkez\u00fcnk bels\u0151 min\u0151s\u00e9g biztos\u00edt\u00e1si rendszerrel F\u00fcst- \u00e9s h\u0151szab\u00e1lyoz\u00f3 rendszerek Ez a tan\u00fas\u00edtv\u00e1ny igazolja, hogy term\u00e9keink megfelelnek az EN 12101-7:2011 szabv\u00e1ny ZA mell\u00e9klete szerint meghat\u00e1rozott teljes\u00edtm\u00e9nyek \u00e9s a teljes\u00edtm\u00e9ny \u00e1lland\u00f3s\u00e1g \u00e9rt\u00e9kel\u00e9s\u00e9re \u00e9s ellen\u0151rz\u00e9s\u00e9re vonatkoz\u00f3 k\u00f6vetelm\u00e9nyeknek. Let\u00f6lt\u00e9s K\u00e9rd\u00e9se van? [&hellip;]<\/p>\n","protected":false},"author":1,"featured_media":0,"parent":0,"menu_order":0,"comment_status":"closed","ping_status":"closed","template":"elementor_header_footer","meta":{"inline_featured_image":false,"footnotes":""},"class_list":["post-1198","page","type-page","status-publish","hentry"],"yoast_head":"<!-- This site is optimized with the Yoast SEO plugin v27.3 - https:\/\/yoast.com\/product\/yoast-seo-wordpress\/ -->\n<title>Tan\u00fas\u00edtv\u00e1nyok - FQ Plusz<\/title>\n<meta name=\"robots\" content=\"index, follow, max-snippet:-1, max-image-preview:large, max-video-preview:-1\" \/>\n<link rel=\"canonical\" href=\"https:\/\/fqplusz.hu\/en\/tanusitvanyok\/\" \/>\n<meta property=\"og:locale\" content=\"en_GB\" \/>\n<meta property=\"og:type\" content=\"article\" \/>\n<meta property=\"og:title\" content=\"Tan\u00fas\u00edtv\u00e1nyok - FQ Plusz\" \/>\n<meta property=\"og:description\" content=\"Tekintse meg szakmai tan\u00fas\u00edtv\u00e1nyainkat \u00e9s min\u0151s\u00edt\u00e9seinket, amelyek munk\u00e1nk megb\u00edzhat\u00f3s\u00e1g\u00e1t \u00e9s szak\u00e9rtelm\u00e9t igazolj\u00e1k. Min\u0151s\u00edt\u00e9sek Enged\u00e9lyek, tan\u00fas\u00edtv\u00e1nyok Min\u0151s\u00e9g- \u00e9s k\u00f6rnyezetpolitika Rendelkez\u00fcnk bels\u0151 min\u0151s\u00e9g biztos\u00edt\u00e1si rendszerrel F\u00fcst- \u00e9s h\u0151szab\u00e1lyoz\u00f3 rendszerek Ez a tan\u00fas\u00edtv\u00e1ny igazolja, hogy term\u00e9keink megfelelnek az EN 12101-7:2011 szabv\u00e1ny ZA mell\u00e9klete szerint meghat\u00e1rozott teljes\u00edtm\u00e9nyek \u00e9s a teljes\u00edtm\u00e9ny \u00e1lland\u00f3s\u00e1g \u00e9rt\u00e9kel\u00e9s\u00e9re \u00e9s ellen\u0151rz\u00e9s\u00e9re vonatkoz\u00f3 k\u00f6vetelm\u00e9nyeknek. Let\u00f6lt\u00e9s K\u00e9rd\u00e9se van? [&hellip;]\" \/>\n<meta property=\"og:url\" content=\"https:\/\/fqplusz.hu\/en\/tanusitvanyok\/\" \/>\n<meta property=\"og:site_name\" content=\"FQ Plusz\" \/>\n<meta property=\"article:publisher\" content=\"https:\/\/www.facebook.com\/profile.php?id=100009154338135\" \/>\n<meta property=\"article:modified_time\" content=\"2026-03-25T08:54:46+00:00\" \/>\n<meta name=\"twitter:card\" content=\"summary_large_image\" \/>\n<meta name=\"twitter:label1\" content=\"Estimated reading time\" \/>\n\t<meta name=\"twitter:data1\" content=\"1 minute\" \/>\n<script type=\"application\/ld+json\" class=\"yoast-schema-graph\">{\"@context\":\"https:\\\/\\\/schema.org\",\"@graph\":[{\"@type\":\"WebPage\",\"@id\":\"https:\\\/\\\/fqplusz.hu\\\/tanusitvanyok\\\/\",\"url\":\"https:\\\/\\\/fqplusz.hu\\\/tanusitvanyok\\\/\",\"name\":\"Tan\u00fas\u00edtv\u00e1nyok - FQ Plusz\",\"isPartOf\":{\"@id\":\"https:\\\/\\\/fqplusz.hu\\\/#website\"},\"datePublished\":\"2026-02-12T11:41:41+00:00\",\"dateModified\":\"2026-03-25T08:54:46+00:00\",\"breadcrumb\":{\"@id\":\"https:\\\/\\\/fqplusz.hu\\\/tanusitvanyok\\\/#breadcrumb\"},\"inLanguage\":\"en-GB\",\"potentialAction\":[{\"@type\":\"ReadAction\",\"target\":[\"https:\\\/\\\/fqplusz.hu\\\/tanusitvanyok\\\/\"]}]},{\"@type\":\"BreadcrumbList\",\"@id\":\"https:\\\/\\\/fqplusz.hu\\\/tanusitvanyok\\\/#breadcrumb\",\"itemListElement\":[{\"@type\":\"ListItem\",\"position\":1,\"name\":\"Kezd\u0151lap\",\"item\":\"https:\\\/\\\/fqplusz.hu\\\/\"},{\"@type\":\"ListItem\",\"position\":2,\"name\":\"Tan\u00fas\u00edtv\u00e1nyok\"}]},{\"@type\":\"WebSite\",\"@id\":\"https:\\\/\\\/fqplusz.hu\\\/#website\",\"url\":\"https:\\\/\\\/fqplusz.hu\\\/\",\"name\":\"FQ Plusz\",\"description\":\"\",\"publisher\":{\"@id\":\"https:\\\/\\\/fqplusz.hu\\\/#organization\"},\"potentialAction\":[{\"@type\":\"SearchAction\",\"target\":{\"@type\":\"EntryPoint\",\"urlTemplate\":\"https:\\\/\\\/fqplusz.hu\\\/?s={search_term_string}\"},\"query-input\":{\"@type\":\"PropertyValueSpecification\",\"valueRequired\":true,\"valueName\":\"search_term_string\"}}],\"inLanguage\":\"en-GB\"},{\"@type\":\"Organization\",\"@id\":\"https:\\\/\\\/fqplusz.hu\\\/#organization\",\"name\":\"FQ Plusz\",\"url\":\"https:\\\/\\\/fqplusz.hu\\\/\",\"logo\":{\"@type\":\"ImageObject\",\"inLanguage\":\"en-GB\",\"@id\":\"https:\\\/\\\/fqplusz.hu\\\/#\\\/schema\\\/logo\\\/image\\\/\",\"url\":\"https:\\\/\\\/fqplusz.hu\\\/wp-content\\\/uploads\\\/2026\\\/01\\\/fqplusz_logo-01.svg\",\"contentUrl\":\"https:\\\/\\\/fqplusz.hu\\\/wp-content\\\/uploads\\\/2026\\\/01\\\/fqplusz_logo-01.svg\",\"width\":\"1024\",\"height\":\"1024\",\"caption\":\"FQ Plusz\"},\"image\":{\"@id\":\"https:\\\/\\\/fqplusz.hu\\\/#\\\/schema\\\/logo\\\/image\\\/\"},\"sameAs\":[\"https:\\\/\\\/www.facebook.com\\\/profile.php?id=100009154338135\"]}]}<\/script>\n<!-- \/ Yoast SEO plugin. -->","yoast_head_json":{"title":"Tan\u00fas\u00edtv\u00e1nyok - FQ Plusz","robots":{"index":"index","follow":"follow","max-snippet":"max-snippet:-1","max-image-preview":"max-image-preview:large","max-video-preview":"max-video-preview:-1"},"canonical":"https:\/\/fqplusz.hu\/en\/tanusitvanyok\/","og_locale":"en_GB","og_type":"article","og_title":"Tan\u00fas\u00edtv\u00e1nyok - FQ Plusz","og_description":"Tekintse meg szakmai tan\u00fas\u00edtv\u00e1nyainkat \u00e9s min\u0151s\u00edt\u00e9seinket, amelyek munk\u00e1nk megb\u00edzhat\u00f3s\u00e1g\u00e1t \u00e9s szak\u00e9rtelm\u00e9t igazolj\u00e1k. Min\u0151s\u00edt\u00e9sek Enged\u00e9lyek, tan\u00fas\u00edtv\u00e1nyok Min\u0151s\u00e9g- \u00e9s k\u00f6rnyezetpolitika Rendelkez\u00fcnk bels\u0151 min\u0151s\u00e9g biztos\u00edt\u00e1si rendszerrel F\u00fcst- \u00e9s h\u0151szab\u00e1lyoz\u00f3 rendszerek Ez a tan\u00fas\u00edtv\u00e1ny igazolja, hogy term\u00e9keink megfelelnek az EN 12101-7:2011 szabv\u00e1ny ZA mell\u00e9klete szerint meghat\u00e1rozott teljes\u00edtm\u00e9nyek \u00e9s a teljes\u00edtm\u00e9ny \u00e1lland\u00f3s\u00e1g \u00e9rt\u00e9kel\u00e9s\u00e9re \u00e9s ellen\u0151rz\u00e9s\u00e9re vonatkoz\u00f3 k\u00f6vetelm\u00e9nyeknek. Let\u00f6lt\u00e9s K\u00e9rd\u00e9se van? [&hellip;]","og_url":"https:\/\/fqplusz.hu\/en\/tanusitvanyok\/","og_site_name":"FQ Plusz","article_publisher":"https:\/\/www.facebook.com\/profile.php?id=100009154338135","article_modified_time":"2026-03-25T08:54:46+00:00","twitter_card":"summary_large_image","twitter_misc":{"Estimated reading time":"1 minute"},"schema":{"@context":"https:\/\/schema.org","@graph":[{"@type":"WebPage","@id":"https:\/\/fqplusz.hu\/tanusitvanyok\/","url":"https:\/\/fqplusz.hu\/tanusitvanyok\/","name":"Tan\u00fas\u00edtv\u00e1nyok - FQ Plusz","isPartOf":{"@id":"https:\/\/fqplusz.hu\/#website"},"datePublished":"2026-02-12T11:41:41+00:00","dateModified":"2026-03-25T08:54:46+00:00","breadcrumb":{"@id":"https:\/\/fqplusz.hu\/tanusitvanyok\/#breadcrumb"},"inLanguage":"en-GB","potentialAction":[{"@type":"ReadAction","target":["https:\/\/fqplusz.hu\/tanusitvanyok\/"]}]},{"@type":"BreadcrumbList","@id":"https:\/\/fqplusz.hu\/tanusitvanyok\/#breadcrumb","itemListElement":[{"@type":"ListItem","position":1,"name":"Kezd\u0151lap","item":"https:\/\/fqplusz.hu\/"},{"@type":"ListItem","position":2,"name":"Tan\u00fas\u00edtv\u00e1nyok"}]},{"@type":"WebSite","@id":"https:\/\/fqplusz.hu\/#website","url":"https:\/\/fqplusz.hu\/","name":"FQ Plusz","description":"","publisher":{"@id":"https:\/\/fqplusz.hu\/#organization"},"potentialAction":[{"@type":"SearchAction","target":{"@type":"EntryPoint","urlTemplate":"https:\/\/fqplusz.hu\/?s={search_term_string}"},"query-input":{"@type":"PropertyValueSpecification","valueRequired":true,"valueName":"search_term_string"}}],"inLanguage":"en-GB"},{"@type":"Organization","@id":"https:\/\/fqplusz.hu\/#organization","name":"FQ Plusz","url":"https:\/\/fqplusz.hu\/","logo":{"@type":"ImageObject","inLanguage":"en-GB","@id":"https:\/\/fqplusz.hu\/#\/schema\/logo\/image\/","url":"https:\/\/fqplusz.hu\/wp-content\/uploads\/2026\/01\/fqplusz_logo-01.svg","contentUrl":"https:\/\/fqplusz.hu\/wp-content\/uploads\/2026\/01\/fqplusz_logo-01.svg","width":"1024","height":"1024","caption":"FQ Plusz"},"image":{"@id":"https:\/\/fqplusz.hu\/#\/schema\/logo\/image\/"},"sameAs":["https:\/\/www.facebook.com\/profile.php?id=100009154338135"]}]}},"_links":{"self":[{"href":"https:\/\/fqplusz.hu\/en\/wp-json\/wp\/v2\/pages\/1198","targetHints":{"allow":["GET"]}}],"collection":[{"href":"https:\/\/fqplusz.hu\/en\/wp-json\/wp\/v2\/pages"}],"about":[{"href":"https:\/\/fqplusz.hu\/en\/wp-json\/wp\/v2\/types\/page"}],"author":[{"embeddable":true,"href":"https:\/\/fqplusz.hu\/en\/wp-json\/wp\/v2\/users\/1"}],"replies":[{"embeddable":true,"href":"https:\/\/fqplusz.hu\/en\/wp-json\/wp\/v2\/comments?post=1198"}],"version-history":[{"count":16,"href":"https:\/\/fqplusz.hu\/en\/wp-json\/wp\/v2\/pages\/1198\/revisions"}],"predecessor-version":[{"id":1410,"href":"https:\/\/fqplusz.hu\/en\/wp-json\/wp\/v2\/pages\/1198\/revisions\/1410"}],"wp:attachment":[{"href":"https:\/\/fqplusz.hu\/en\/wp-json\/wp\/v2\/media?parent=1198"}],"curies":[{"name":"wp","href":"https:\/\/api.w.org\/{rel}","templated":true}]}}