{"id":1465,"date":"2026-04-08T08:45:29","date_gmt":"2026-04-08T06:45:29","guid":{"rendered":"https:\/\/fqplusz.hu\/?page_id=1465"},"modified":"2026-04-08T09:02:13","modified_gmt":"2026-04-08T07:02:13","slug":"impresszum","status":"publish","type":"page","link":"https:\/\/fqplusz.hu\/en\/impresszum\/","title":{"rendered":"Impresszum"},"content":{"rendered":"<div data-elementor-type=\"wp-page\" data-elementor-id=\"1465\" class=\"elementor elementor-1465\" data-elementor-post-type=\"page\">\n\t\t\t\t<div class=\"elementor-element elementor-element-bd8017c e-flex e-con-boxed e-con e-parent\" data-id=\"bd8017c\" data-element_type=\"container\" data-e-type=\"container\" data-settings=\"{&quot;background_background&quot;:&quot;classic&quot;}\">\n\t\t\t\t\t<div class=\"e-con-inner\">\n\t\t\t\t\t<\/div>\n\t\t\t\t<\/div>\n\t\t<div class=\"elementor-element elementor-element-596bb37 e-con-full e-flex e-con e-child\" data-id=\"596bb37\" data-element_type=\"container\" data-e-type=\"container\">\n\t\t\t\t<div class=\"elementor-element elementor-element-8c40b02 elementor-widget-divider--view-line elementor-widget elementor-widget-divider\" data-id=\"8c40b02\" data-element_type=\"widget\" data-e-type=\"widget\" data-widget_type=\"divider.default\">\n\t\t\t\t\t\t\t<div class=\"elementor-divider\">\n\t\t\t<span class=\"elementor-divider-separator\">\n\t\t\t\t\t\t<\/span>\n\t\t<\/div>\n\t\t\t\t\t\t<\/div>\n\t\t\t\t<\/div>\n\t\t<div class=\"elementor-element elementor-element-49adc07 e-con-full e-flex e-con e-parent\" data-id=\"49adc07\" data-element_type=\"container\" data-e-type=\"container\" data-settings=\"{&quot;background_background&quot;:&quot;classic&quot;}\">\n\t\t<div class=\"elementor-element elementor-element-645ed71 e-flex e-con-boxed e-con e-child\" data-id=\"645ed71\" data-element_type=\"container\" data-e-type=\"container\">\n\t\t\t\t\t<div class=\"e-con-inner\">\n\t\t\t\t<div class=\"elementor-element elementor-element-5bbbd4b elementor-widget__width-initial elementor-widget elementor-widget-heading\" data-id=\"5bbbd4b\" data-element_type=\"widget\" data-e-type=\"widget\" data-widget_type=\"heading.default\">\n\t\t\t\t\t<div class=\"elementor-heading-title elementor-size-default\">V\u00e1llalkoz\u00e1s adatai:<\/div>\t\t\t\t<\/div>\n\t\t\t\t<div class=\"elementor-element elementor-element-170baff elementor-widget__width-initial elementor-widget elementor-widget-text-editor\" data-id=\"170baff\" data-element_type=\"widget\" data-e-type=\"widget\" data-widget_type=\"text-editor.default\">\n\t\t\t\t\t\t\t\t\t<p><strong>C\u00e9gn\u00e9v:<\/strong> FQ Plusz Kft.<br \/><strong>Ad\u00f3sz\u00e1m:<\/strong> 13998686-2-02<br \/><strong>Sz\u00e9khely:<\/strong> 7300 Koml\u00f3, belter\u00fclet 2665\/1.<br \/><strong>Levelez\u00e9si c\u00edm:<\/strong> 7300 Koml\u00f3, belter\u00fclet 2665\/1.<br \/><strong>Telefonsz\u00e1m:<\/strong> <a style=\"color: #005fa9;\" href=\"tel:+3672581375\">+36 72 \/ 581 &#8211; 375<\/a><br \/><strong>E-mail c\u00edm:<\/strong> <a style=\"color: #005fa9;\" href=\"mailto:fqplusz@fqplusz.hu\">fqplusz@fqplusz.hu<\/a><br \/><strong>C\u00e9gjegyz\u00e9ksz\u00e1m:<\/strong> 02-09-071563<\/p>\t\t\t\t\t\t\t\t<\/div>\n\t\t\t\t<div class=\"elementor-element elementor-element-2d61bb4 elementor-widget__width-initial elementor-widget elementor-widget-heading\" data-id=\"2d61bb4\" data-element_type=\"widget\" data-e-type=\"widget\" data-widget_type=\"heading.default\">\n\t\t\t\t\t<div class=\"elementor-heading-title elementor-size-default\">Webt\u00e1rhely szolg\u00e1ltat\u00f3 adatai:<\/div>\t\t\t\t<\/div>\n\t\t\t\t<div class=\"elementor-element elementor-element-6e63612 elementor-widget__width-initial elementor-widget elementor-widget-text-editor\" data-id=\"6e63612\" data-element_type=\"widget\" data-e-type=\"widget\" data-widget_type=\"text-editor.default\">\n\t\t\t\t\t\t\t\t\t<p><strong>C\u00e9gn\u00e9v:<\/strong> DotRoll Kft.<br \/><strong>Sz\u00e9khely:<\/strong> 1148 Budapest, Fogarasi \u00fat 3-5.<br \/><strong>Webc\u00edm:<\/strong> <a style=\"color: #005fa9;\" href=\"https:\/\/dotroll.com\/hu\/\" target=\"_blank\" rel=\"noopener\">https:\/\/dotroll.com\/hu\/<\/a><br \/><strong>El\u00e9rhet\u0151s\u00e9g:<\/strong> <a style=\"color: #005fa9;\" href=\"tel:+3614323232\">+36 1 432 3232<\/a><\/p>\t\t\t\t\t\t\t\t<\/div>\n\t\t\t\t\t<\/div>\n\t\t\t\t<\/div>\n\t\t\t\t<\/div>\n\t\t<div class=\"elementor-element elementor-element-06441ce e-flex e-con-boxed e-con e-parent\" data-id=\"06441ce\" data-element_type=\"container\" data-e-type=\"container\">\n\t\t\t\t\t<div class=\"e-con-inner\">\n\t\t\t\t\t<\/div>\n\t\t\t\t<\/div>\n\t\t\t\t<\/div>","protected":false},"excerpt":{"rendered":"<p>V\u00e1llalkoz\u00e1s adatai: C\u00e9gn\u00e9v: FQ Plusz Kft.Ad\u00f3sz\u00e1m: 13998686-2-02Sz\u00e9khely: 7300 Koml\u00f3, belter\u00fclet 2665\/1.Levelez\u00e9si c\u00edm: 7300 Koml\u00f3, belter\u00fclet 2665\/1.Telefonsz\u00e1m: +36 72 \/ 581 &#8211; 375E-mail c\u00edm: fqplusz@fqplusz.huC\u00e9gjegyz\u00e9ksz\u00e1m: 02-09-071563 Webt\u00e1rhely szolg\u00e1ltat\u00f3 adatai: C\u00e9gn\u00e9v: DotRoll Kft.Sz\u00e9khely: 1148 Budapest, Fogarasi \u00fat 3-5.Webc\u00edm: https:\/\/dotroll.com\/hu\/El\u00e9rhet\u0151s\u00e9g: +36 1 432 3232<\/p>","protected":false},"author":1,"featured_media":0,"parent":0,"menu_order":0,"comment_status":"closed","ping_status":"closed","template":"elementor_header_footer","meta":{"inline_featured_image":false,"footnotes":""},"class_list":["post-1465","page","type-page","status-publish","hentry"],"yoast_head":"<!-- This site is optimized with the Yoast SEO plugin v27.3 - https:\/\/yoast.com\/product\/yoast-seo-wordpress\/ -->\n<title>Impresszum - FQ Plusz<\/title>\n<meta name=\"robots\" content=\"index, follow, max-snippet:-1, max-image-preview:large, max-video-preview:-1\" \/>\n<link rel=\"canonical\" href=\"https:\/\/fqplusz.hu\/en\/impresszum\/\" \/>\n<meta property=\"og:locale\" content=\"en_GB\" \/>\n<meta property=\"og:type\" content=\"article\" \/>\n<meta property=\"og:title\" content=\"Impresszum - FQ Plusz\" \/>\n<meta property=\"og:description\" content=\"V\u00e1llalkoz\u00e1s adatai: C\u00e9gn\u00e9v: FQ Plusz Kft.Ad\u00f3sz\u00e1m: 13998686-2-02Sz\u00e9khely: 7300 Koml\u00f3, belter\u00fclet 2665\/1.Levelez\u00e9si c\u00edm: 7300 Koml\u00f3, belter\u00fclet 2665\/1.Telefonsz\u00e1m: +36 72 \/ 581 &#8211; 375E-mail c\u00edm: fqplusz@fqplusz.huC\u00e9gjegyz\u00e9ksz\u00e1m: 02-09-071563 Webt\u00e1rhely szolg\u00e1ltat\u00f3 adatai: C\u00e9gn\u00e9v: DotRoll Kft.Sz\u00e9khely: 1148 Budapest, Fogarasi \u00fat 3-5.Webc\u00edm: https:\/\/dotroll.com\/hu\/El\u00e9rhet\u0151s\u00e9g: +36 1 432 3232\" \/>\n<meta property=\"og:url\" content=\"https:\/\/fqplusz.hu\/en\/impresszum\/\" \/>\n<meta property=\"og:site_name\" content=\"FQ Plusz\" \/>\n<meta property=\"article:publisher\" content=\"https:\/\/www.facebook.com\/profile.php?id=100009154338135\" \/>\n<meta property=\"article:modified_time\" content=\"2026-04-08T07:02:13+00:00\" \/>\n<meta name=\"twitter:card\" content=\"summary_large_image\" \/>\n<meta name=\"twitter:label1\" content=\"Estimated reading time\" \/>\n\t<meta name=\"twitter:data1\" content=\"1 minute\" \/>\n<script type=\"application\/ld+json\" class=\"yoast-schema-graph\">{\"@context\":\"https:\\\/\\\/schema.org\",\"@graph\":[{\"@type\":\"WebPage\",\"@id\":\"https:\\\/\\\/fqplusz.hu\\\/impresszum\\\/\",\"url\":\"https:\\\/\\\/fqplusz.hu\\\/impresszum\\\/\",\"name\":\"Impresszum - FQ Plusz\",\"isPartOf\":{\"@id\":\"https:\\\/\\\/fqplusz.hu\\\/#website\"},\"datePublished\":\"2026-04-08T06:45:29+00:00\",\"dateModified\":\"2026-04-08T07:02:13+00:00\",\"breadcrumb\":{\"@id\":\"https:\\\/\\\/fqplusz.hu\\\/impresszum\\\/#breadcrumb\"},\"inLanguage\":\"en-GB\",\"potentialAction\":[{\"@type\":\"ReadAction\",\"target\":[\"https:\\\/\\\/fqplusz.hu\\\/impresszum\\\/\"]}]},{\"@type\":\"BreadcrumbList\",\"@id\":\"https:\\\/\\\/fqplusz.hu\\\/impresszum\\\/#breadcrumb\",\"itemListElement\":[{\"@type\":\"ListItem\",\"position\":1,\"name\":\"Kezd\u0151lap\",\"item\":\"https:\\\/\\\/fqplusz.hu\\\/\"},{\"@type\":\"ListItem\",\"position\":2,\"name\":\"Impresszum\"}]},{\"@type\":\"WebSite\",\"@id\":\"https:\\\/\\\/fqplusz.hu\\\/#website\",\"url\":\"https:\\\/\\\/fqplusz.hu\\\/\",\"name\":\"FQ Plusz\",\"description\":\"\",\"publisher\":{\"@id\":\"https:\\\/\\\/fqplusz.hu\\\/#organization\"},\"potentialAction\":[{\"@type\":\"SearchAction\",\"target\":{\"@type\":\"EntryPoint\",\"urlTemplate\":\"https:\\\/\\\/fqplusz.hu\\\/?s={search_term_string}\"},\"query-input\":{\"@type\":\"PropertyValueSpecification\",\"valueRequired\":true,\"valueName\":\"search_term_string\"}}],\"inLanguage\":\"en-GB\"},{\"@type\":\"Organization\",\"@id\":\"https:\\\/\\\/fqplusz.hu\\\/#organization\",\"name\":\"FQ Plusz\",\"url\":\"https:\\\/\\\/fqplusz.hu\\\/\",\"logo\":{\"@type\":\"ImageObject\",\"inLanguage\":\"en-GB\",\"@id\":\"https:\\\/\\\/fqplusz.hu\\\/#\\\/schema\\\/logo\\\/image\\\/\",\"url\":\"https:\\\/\\\/fqplusz.hu\\\/wp-content\\\/uploads\\\/2026\\\/01\\\/fqplusz_logo-01.svg\",\"contentUrl\":\"https:\\\/\\\/fqplusz.hu\\\/wp-content\\\/uploads\\\/2026\\\/01\\\/fqplusz_logo-01.svg\",\"width\":\"1024\",\"height\":\"1024\",\"caption\":\"FQ Plusz\"},\"image\":{\"@id\":\"https:\\\/\\\/fqplusz.hu\\\/#\\\/schema\\\/logo\\\/image\\\/\"},\"sameAs\":[\"https:\\\/\\\/www.facebook.com\\\/profile.php?id=100009154338135\"]}]}<\/script>\n<!-- \/ Yoast SEO plugin. -->","yoast_head_json":{"title":"Impresszum - FQ Plusz","robots":{"index":"index","follow":"follow","max-snippet":"max-snippet:-1","max-image-preview":"max-image-preview:large","max-video-preview":"max-video-preview:-1"},"canonical":"https:\/\/fqplusz.hu\/en\/impresszum\/","og_locale":"en_GB","og_type":"article","og_title":"Impresszum - FQ Plusz","og_description":"V\u00e1llalkoz\u00e1s adatai: C\u00e9gn\u00e9v: FQ Plusz Kft.Ad\u00f3sz\u00e1m: 13998686-2-02Sz\u00e9khely: 7300 Koml\u00f3, belter\u00fclet 2665\/1.Levelez\u00e9si c\u00edm: 7300 Koml\u00f3, belter\u00fclet 2665\/1.Telefonsz\u00e1m: +36 72 \/ 581 &#8211; 375E-mail c\u00edm: fqplusz@fqplusz.huC\u00e9gjegyz\u00e9ksz\u00e1m: 02-09-071563 Webt\u00e1rhely szolg\u00e1ltat\u00f3 adatai: C\u00e9gn\u00e9v: DotRoll Kft.Sz\u00e9khely: 1148 Budapest, Fogarasi \u00fat 3-5.Webc\u00edm: https:\/\/dotroll.com\/hu\/El\u00e9rhet\u0151s\u00e9g: +36 1 432 3232","og_url":"https:\/\/fqplusz.hu\/en\/impresszum\/","og_site_name":"FQ Plusz","article_publisher":"https:\/\/www.facebook.com\/profile.php?id=100009154338135","article_modified_time":"2026-04-08T07:02:13+00:00","twitter_card":"summary_large_image","twitter_misc":{"Estimated reading time":"1 minute"},"schema":{"@context":"https:\/\/schema.org","@graph":[{"@type":"WebPage","@id":"https:\/\/fqplusz.hu\/impresszum\/","url":"https:\/\/fqplusz.hu\/impresszum\/","name":"Impresszum - FQ Plusz","isPartOf":{"@id":"https:\/\/fqplusz.hu\/#website"},"datePublished":"2026-04-08T06:45:29+00:00","dateModified":"2026-04-08T07:02:13+00:00","breadcrumb":{"@id":"https:\/\/fqplusz.hu\/impresszum\/#breadcrumb"},"inLanguage":"en-GB","potentialAction":[{"@type":"ReadAction","target":["https:\/\/fqplusz.hu\/impresszum\/"]}]},{"@type":"BreadcrumbList","@id":"https:\/\/fqplusz.hu\/impresszum\/#breadcrumb","itemListElement":[{"@type":"ListItem","position":1,"name":"Kezd\u0151lap","item":"https:\/\/fqplusz.hu\/"},{"@type":"ListItem","position":2,"name":"Impresszum"}]},{"@type":"WebSite","@id":"https:\/\/fqplusz.hu\/#website","url":"https:\/\/fqplusz.hu\/","name":"FQ Plusz","description":"","publisher":{"@id":"https:\/\/fqplusz.hu\/#organization"},"potentialAction":[{"@type":"SearchAction","target":{"@type":"EntryPoint","urlTemplate":"https:\/\/fqplusz.hu\/?s={search_term_string}"},"query-input":{"@type":"PropertyValueSpecification","valueRequired":true,"valueName":"search_term_string"}}],"inLanguage":"en-GB"},{"@type":"Organization","@id":"https:\/\/fqplusz.hu\/#organization","name":"FQ Plusz","url":"https:\/\/fqplusz.hu\/","logo":{"@type":"ImageObject","inLanguage":"en-GB","@id":"https:\/\/fqplusz.hu\/#\/schema\/logo\/image\/","url":"https:\/\/fqplusz.hu\/wp-content\/uploads\/2026\/01\/fqplusz_logo-01.svg","contentUrl":"https:\/\/fqplusz.hu\/wp-content\/uploads\/2026\/01\/fqplusz_logo-01.svg","width":"1024","height":"1024","caption":"FQ Plusz"},"image":{"@id":"https:\/\/fqplusz.hu\/#\/schema\/logo\/image\/"},"sameAs":["https:\/\/www.facebook.com\/profile.php?id=100009154338135"]}]}},"_links":{"self":[{"href":"https:\/\/fqplusz.hu\/en\/wp-json\/wp\/v2\/pages\/1465","targetHints":{"allow":["GET"]}}],"collection":[{"href":"https:\/\/fqplusz.hu\/en\/wp-json\/wp\/v2\/pages"}],"about":[{"href":"https:\/\/fqplusz.hu\/en\/wp-json\/wp\/v2\/types\/page"}],"author":[{"embeddable":true,"href":"https:\/\/fqplusz.hu\/en\/wp-json\/wp\/v2\/users\/1"}],"replies":[{"embeddable":true,"href":"https:\/\/fqplusz.hu\/en\/wp-json\/wp\/v2\/comments?post=1465"}],"version-history":[{"count":28,"href":"https:\/\/fqplusz.hu\/en\/wp-json\/wp\/v2\/pages\/1465\/revisions"}],"predecessor-version":[{"id":1496,"href":"https:\/\/fqplusz.hu\/en\/wp-json\/wp\/v2\/pages\/1465\/revisions\/1496"}],"wp:attachment":[{"href":"https:\/\/fqplusz.hu\/en\/wp-json\/wp\/v2\/media?parent=1465"}],"curies":[{"name":"wp","href":"https:\/\/api.w.org\/{rel}","templated":true}]}}