{"id":3,"date":"2026-01-30T11:08:32","date_gmt":"2026-01-30T10:08:32","guid":{"rendered":"https:\/\/fqplusz.hu\/?page_id=3"},"modified":"2026-04-20T12:31:18","modified_gmt":"2026-04-20T10:31:18","slug":"adatkezelesi-tajekoztato","status":"publish","type":"page","link":"https:\/\/fqplusz.hu\/en\/adatkezelesi-tajekoztato\/","title":{"rendered":"Adatkezel\u00e9si t\u00e1j\u00e9koztat\u00f3"},"content":{"rendered":"<div data-elementor-type=\"wp-page\" data-elementor-id=\"3\" class=\"elementor elementor-3\" data-elementor-post-type=\"page\">\n\t\t\t\t<div class=\"elementor-element elementor-element-ce4be08 e-flex e-con-boxed e-con e-parent\" data-id=\"ce4be08\" data-element_type=\"container\" data-e-type=\"container\" data-settings=\"{&quot;background_background&quot;:&quot;classic&quot;}\">\n\t\t\t\t\t<div class=\"e-con-inner\">\n\t\t\t\t\t<\/div>\n\t\t\t\t<\/div>\n\t\t<div class=\"elementor-element elementor-element-b3d05da e-con-full e-flex e-con e-child\" data-id=\"b3d05da\" data-element_type=\"container\" data-e-type=\"container\">\n\t\t\t\t<div class=\"elementor-element elementor-element-e5b3af5 elementor-widget-divider--view-line elementor-widget elementor-widget-divider\" data-id=\"e5b3af5\" data-element_type=\"widget\" data-e-type=\"widget\" data-widget_type=\"divider.default\">\n\t\t\t\t\t\t\t<div class=\"elementor-divider\">\n\t\t\t<span class=\"elementor-divider-separator\">\n\t\t\t\t\t\t<\/span>\n\t\t<\/div>\n\t\t\t\t\t\t<\/div>\n\t\t\t\t<\/div>\n\t\t<div class=\"elementor-element elementor-element-04d63a1 e-flex e-con-boxed e-con e-parent\" data-id=\"04d63a1\" data-element_type=\"container\" data-e-type=\"container\">\n\t\t\t\t\t<div class=\"e-con-inner\">\n\t\t\t\t<div class=\"elementor-element elementor-element-5b4e884 elementor-widget__width-initial elementor-widget elementor-widget-heading\" data-id=\"5b4e884\" data-element_type=\"widget\" data-e-type=\"widget\" data-widget_type=\"heading.default\">\n\t\t\t\t\t<div class=\"elementor-heading-title elementor-size-default\">1. Adatkezel\u0151 adatai<\/div>\t\t\t\t<\/div>\n\t\t\t\t<div class=\"elementor-element elementor-element-f061b5a elementor-widget__width-initial elementor-widget elementor-widget-text-editor\" data-id=\"f061b5a\" data-element_type=\"widget\" data-e-type=\"widget\" data-widget_type=\"text-editor.default\">\n\t\t\t\t\t\t\t\t\t<p>N\u00e9v: FQ Plusz Kft.<br \/>Sz\u00e9khely: 7300 Koml\u00f3, HRSZ 2665\/1<br \/>E-mail: fqplusz@fqplusz.hu<br \/>Telefonsz\u00e1m: +36-72\/581-375<br \/>(a tov\u00e1bbiakban: Adatkezel\u0151)<\/p>\t\t\t\t\t\t\t\t<\/div>\n\t\t\t\t<div class=\"elementor-element elementor-element-b182ddb elementor-widget__width-initial elementor-widget elementor-widget-heading\" data-id=\"b182ddb\" data-element_type=\"widget\" data-e-type=\"widget\" data-widget_type=\"heading.default\">\n\t\t\t\t\t<div class=\"elementor-heading-title elementor-size-default\">2. Az adatkezel\u00e9s c\u00e9lja<\/div>\t\t\t\t<\/div>\n\t\t\t\t<div class=\"elementor-element elementor-element-4f4d6e0 elementor-widget__width-initial elementor-widget elementor-widget-text-editor\" data-id=\"4f4d6e0\" data-element_type=\"widget\" data-e-type=\"widget\" data-widget_type=\"text-editor.default\">\n\t\t\t\t\t\t\t\t\t<p>Az Adatkezel\u0151 a weboldalon tal\u00e1lhat\u00f3 aj\u00e1nlatk\u00e9r\u0151 \u0171rlapon megadott szem\u00e9lyes adatokat az al\u00e1bbi c\u00e9lokb\u00f3l kezeli:<\/p><ul><li>aj\u00e1nlatad\u00e1s<\/li><li>kapcsolatfelv\u00e9tel<\/li><li>szolg\u00e1ltat\u00e1s ny\u00fajt\u00e1s\u00e1nak el\u0151k\u00e9sz\u00edt\u00e9se<br \/><br \/><\/li><\/ul><p>Az Adatkezel\u0151 az \u00e9rintettel e-mailben vagy telefonon veszi fel a kapcsolatot.<\/p>\t\t\t\t\t\t\t\t<\/div>\n\t\t\t\t<div class=\"elementor-element elementor-element-5f7f396 elementor-widget__width-initial elementor-widget elementor-widget-heading\" data-id=\"5f7f396\" data-element_type=\"widget\" data-e-type=\"widget\" data-widget_type=\"heading.default\">\n\t\t\t\t\t<div class=\"elementor-heading-title elementor-size-default\">3. Kezelt adatok k\u00f6re<\/div>\t\t\t\t<\/div>\n\t\t\t\t<div class=\"elementor-element elementor-element-9ae6bdb elementor-widget__width-initial elementor-widget elementor-widget-text-editor\" data-id=\"9ae6bdb\" data-element_type=\"widget\" data-e-type=\"widget\" data-widget_type=\"text-editor.default\">\n\t\t\t\t\t\t\t\t\t<p>Az aj\u00e1nlatk\u00e9r\u00e9s sor\u00e1n az al\u00e1bbi adatok ker\u00fclhetnek kezel\u00e9sre:<\/p><ul><li>n\u00e9v<\/li><li>e-mail c\u00edm<\/li><li>telefonsz\u00e1m<\/li><li>\u00fczenetben megadott egy\u00e9b szem\u00e9lyes adatok<\/li><\/ul><p>Megjegyz\u00e9s: Az adatszolg\u00e1ltat\u00e1s \u00f6nk\u00e9ntes, azonban az adatok megad\u00e1sa n\u00e9lk\u00fcl az aj\u00e1nlatk\u00e9r\u00e9s nem lehets\u00e9ges.<\/p>\t\t\t\t\t\t\t\t<\/div>\n\t\t\t\t<div class=\"elementor-element elementor-element-940727d elementor-widget__width-initial elementor-widget elementor-widget-heading\" data-id=\"940727d\" data-element_type=\"widget\" data-e-type=\"widget\" data-widget_type=\"heading.default\">\n\t\t\t\t\t<div class=\"elementor-heading-title elementor-size-default\">4. Az adatkezel\u00e9s jogalapja<\/div>\t\t\t\t<\/div>\n\t\t\t\t<div class=\"elementor-element elementor-element-bc61478 elementor-widget__width-initial elementor-widget elementor-widget-text-editor\" data-id=\"bc61478\" data-element_type=\"widget\" data-e-type=\"widget\" data-widget_type=\"text-editor.default\">\n\t\t\t\t\t\t\t\t\t<p>Az adatkezel\u00e9s jogalapja:<\/p><ul><li>az \u00e9rintett hozz\u00e1j\u00e1rul\u00e1sa (GDPR 6. cikk (1) a) pont)<\/li><\/ul><p>Az \u00e9rintett a hozz\u00e1j\u00e1rul\u00e1s\u00e1t b\u00e1rmikor visszavonhatja az Adatkezel\u0151 r\u00e9sz\u00e9re k\u00fcld\u00f6tt e-mail \u00fatj\u00e1n.<\/p>\t\t\t\t\t\t\t\t<\/div>\n\t\t\t\t<div class=\"elementor-element elementor-element-b34f745 elementor-widget__width-initial elementor-widget elementor-widget-heading\" data-id=\"b34f745\" data-element_type=\"widget\" data-e-type=\"widget\" data-widget_type=\"heading.default\">\n\t\t\t\t\t<div class=\"elementor-heading-title elementor-size-default\">5. Az adatkezel\u00e9s id\u0151tartama<\/div>\t\t\t\t<\/div>\n\t\t\t\t<div class=\"elementor-element elementor-element-9d2c352 elementor-widget__width-initial elementor-widget elementor-widget-text-editor\" data-id=\"9d2c352\" data-element_type=\"widget\" data-e-type=\"widget\" data-widget_type=\"text-editor.default\">\n\t\t\t\t\t\t\t\t\t<p>Az Adatkezel\u0151 a szem\u00e9lyes adatokat:<\/p><ul><li>az aj\u00e1nlatk\u00e9r\u00e9s feldolgoz\u00e1s\u00e1ig, illetve<\/li><li>legfeljebb 1 \u00e9vig kezeli, vagy az \u00e9rintett hozz\u00e1j\u00e1rul\u00e1s\u00e1nak visszavon\u00e1s\u00e1ig.<\/li><\/ul>\t\t\t\t\t\t\t\t<\/div>\n\t\t\t\t<div class=\"elementor-element elementor-element-19b1317 elementor-widget__width-initial elementor-widget elementor-widget-heading\" data-id=\"19b1317\" data-element_type=\"widget\" data-e-type=\"widget\" data-widget_type=\"heading.default\">\n\t\t\t\t\t<div class=\"elementor-heading-title elementor-size-default\">6. Adatfeldolgoz\u00f3k<\/div>\t\t\t\t<\/div>\n\t\t\t\t<div class=\"elementor-element elementor-element-10bd659 elementor-widget__width-initial elementor-widget elementor-widget-text-editor\" data-id=\"10bd659\" data-element_type=\"widget\" data-e-type=\"widget\" data-widget_type=\"text-editor.default\">\n\t\t\t\t\t\t\t\t\t<p>Az Adatkezel\u0151 az al\u00e1bbi adatfeldolgoz\u00f3kat veszi ig\u00e9nybe:<\/p><p>T\u00e1rhelyszolg\u00e1ltat\u00f3 \u00e9s levelez\u0151rendszer szolg\u00e1ltat\u00f3<\/p><p><strong>TF Center Kft.<\/strong><br \/>7300 Koml\u00f3, P\u00e9csi utca 1., Telefon: +36 (72) 487-860, Email: info@tfcenter.hu<\/p>\t\t\t\t\t\t\t\t<\/div>\n\t\t\t\t<div class=\"elementor-element elementor-element-fbaee54 elementor-widget__width-initial elementor-widget elementor-widget-heading\" data-id=\"fbaee54\" data-element_type=\"widget\" data-e-type=\"widget\" data-widget_type=\"heading.default\">\n\t\t\t\t\t<div class=\"elementor-heading-title elementor-size-default\">7. Adattov\u00e1bb\u00edt\u00e1s<\/div>\t\t\t\t<\/div>\n\t\t\t\t<div class=\"elementor-element elementor-element-9e0515f elementor-widget__width-initial elementor-widget elementor-widget-text-editor\" data-id=\"9e0515f\" data-element_type=\"widget\" data-e-type=\"widget\" data-widget_type=\"text-editor.default\">\n\t\t\t\t\t\t\t\t\t<p>Az Adatkezel\u0151 a szem\u00e9lyes adatokat harmadik f\u00e9l r\u00e9sz\u00e9re nem tov\u00e1bb\u00edtja, kiv\u00e9ve jogszab\u00e1lyi k\u00f6telezetts\u00e9g eset\u00e9n.<\/p><p>Szem\u00e9lyes adatok harmadik orsz\u00e1gba vagy nemzetk\u00f6zi szervezet r\u00e9sz\u00e9re nem ker\u00fclnek tov\u00e1bb\u00edt\u00e1sra.<\/p>\t\t\t\t\t\t\t\t<\/div>\n\t\t\t\t<div class=\"elementor-element elementor-element-5cdd015 elementor-widget__width-initial elementor-widget elementor-widget-heading\" data-id=\"5cdd015\" data-element_type=\"widget\" data-e-type=\"widget\" data-widget_type=\"heading.default\">\n\t\t\t\t\t<div class=\"elementor-heading-title elementor-size-default\">8. Az \u00e9rintettek jogai<\/div>\t\t\t\t<\/div>\n\t\t\t\t<div class=\"elementor-element elementor-element-f017584 elementor-widget__width-initial elementor-widget elementor-widget-text-editor\" data-id=\"f017584\" data-element_type=\"widget\" data-e-type=\"widget\" data-widget_type=\"text-editor.default\">\n\t\t\t\t\t\t\t\t\t<p>Az \u00e9rintett jogosult:<\/p><ul><li>t\u00e1j\u00e9koztat\u00e1st k\u00e9rni szem\u00e9lyes adatai kezel\u00e9s\u00e9r\u0151l<\/li><li>k\u00e9rni adatainak helyesb\u00edt\u00e9s\u00e9t<\/li><li>k\u00e9rni adatainak t\u00f6rl\u00e9s\u00e9t<\/li><li>k\u00e9rni az adatkezel\u00e9s korl\u00e1toz\u00e1s\u00e1t<\/li><li>tiltakozni az adatkezel\u00e9s ellen<\/li><li>adathordozhat\u00f3s\u00e1ghoz val\u00f3 jog gyakorl\u00e1s\u00e1ra<br \/><br \/><\/li><\/ul><p>Az \u00e9rintett a jogait az fqplusz@fqplusz.hu e-mail c\u00edmen gyakorolhatja.<\/p><p>Az Adatkezel\u0151 a k\u00e9relemre indokolatlan k\u00e9sedelem n\u00e9lk\u00fcl, de legk\u00e9s\u0151bb 30 napon bel\u00fcl v\u00e1laszol.<\/p>\t\t\t\t\t\t\t\t<\/div>\n\t\t\t\t<div class=\"elementor-element elementor-element-657bfe2 elementor-widget__width-initial elementor-widget elementor-widget-heading\" data-id=\"657bfe2\" data-element_type=\"widget\" data-e-type=\"widget\" data-widget_type=\"heading.default\">\n\t\t\t\t\t<div class=\"elementor-heading-title elementor-size-default\">9. Jogorvoslati lehet\u0151s\u00e9gek<\/div>\t\t\t\t<\/div>\n\t\t\t\t<div class=\"elementor-element elementor-element-e11907c elementor-widget__width-initial elementor-widget elementor-widget-text-editor\" data-id=\"e11907c\" data-element_type=\"widget\" data-e-type=\"widget\" data-widget_type=\"text-editor.default\">\n\t\t\t\t\t\t\t\t\t<p>Az \u00e9rintett panasszal \u00e9lhet a fel\u00fcgyeleti hat\u00f3s\u00e1gn\u00e1l:<\/p><p>Nemzeti Adatv\u00e9delmi \u00e9s Inform\u00e1ci\u00f3szabads\u00e1g Hat\u00f3s\u00e1g (NAIH)<\/p><p><strong>C\u00edm:<\/strong> 1055 Budapest, Falk Miksa utca 9-11.<br \/><strong>Postac\u00edm:<\/strong> 1363 Budapest, Pf. 9.<br \/><strong>E-mail:<\/strong> ugyfelszolgalat@naih.hu<br \/><strong>Web:<\/strong> https:\/\/naih.hu<\/p><p>Az \u00e9rintett jogainak megs\u00e9rt\u00e9se eset\u00e9n b\u00edr\u00f3s\u00e1ghoz is fordulhat.<\/p>\t\t\t\t\t\t\t\t<\/div>\n\t\t\t\t<div class=\"elementor-element elementor-element-ea7812b elementor-widget__width-initial elementor-widget elementor-widget-heading\" data-id=\"ea7812b\" data-element_type=\"widget\" data-e-type=\"widget\" data-widget_type=\"heading.default\">\n\t\t\t\t\t<div class=\"elementor-heading-title elementor-size-default\">10. Adatbiztons\u00e1g<\/div>\t\t\t\t<\/div>\n\t\t\t\t<div class=\"elementor-element elementor-element-b8bed03 elementor-widget__width-initial elementor-widget elementor-widget-text-editor\" data-id=\"b8bed03\" data-element_type=\"widget\" data-e-type=\"widget\" data-widget_type=\"text-editor.default\">\n\t\t\t\t\t\t\t\t\t<p>Az Adatkezel\u0151 az adatokat jelsz\u00f3val v\u00e9dett rendszerekben t\u00e1rolja, \u00e9s biztos\u00edtja, hogy azokhoz kiz\u00e1r\u00f3lag az arra jogosult szem\u00e9lyek f\u00e9rjenek hozz\u00e1.<br \/>Az adatok elektronikus form\u00e1ban ker\u00fclnek t\u00e1rol\u00e1sra.<\/p>\t\t\t\t\t\t\t\t<\/div>\n\t\t\t\t<div class=\"elementor-element elementor-element-bf01635 elementor-widget__width-initial elementor-widget elementor-widget-heading\" data-id=\"bf01635\" data-element_type=\"widget\" data-e-type=\"widget\" data-widget_type=\"heading.default\">\n\t\t\t\t\t<div class=\"elementor-heading-title elementor-size-default\">11. Automatiz\u00e1lt d\u00f6nt\u00e9shozatal<\/div>\t\t\t\t<\/div>\n\t\t\t\t<div class=\"elementor-element elementor-element-ad5b2ba elementor-widget__width-initial elementor-widget elementor-widget-text-editor\" data-id=\"ad5b2ba\" data-element_type=\"widget\" data-e-type=\"widget\" data-widget_type=\"text-editor.default\">\n\t\t\t\t\t\t\t\t\t<p>Az adatkezel\u00e9s sor\u00e1n nem t\u00f6rt\u00e9nik automatiz\u00e1lt d\u00f6nt\u00e9shozatal vagy profilalkot\u00e1s.<\/p>\t\t\t\t\t\t\t\t<\/div>\n\t\t\t\t<div class=\"elementor-element elementor-element-26feae2 elementor-widget__width-initial elementor-widget elementor-widget-heading\" data-id=\"26feae2\" data-element_type=\"widget\" data-e-type=\"widget\" data-widget_type=\"heading.default\">\n\t\t\t\t\t<div class=\"elementor-heading-title elementor-size-default\">12. S\u00fctik (cookie-k)<\/div>\t\t\t\t<\/div>\n\t\t\t\t<div class=\"elementor-element elementor-element-fd95772 elementor-widget__width-initial elementor-widget elementor-widget-text-editor\" data-id=\"fd95772\" data-element_type=\"widget\" data-e-type=\"widget\" data-widget_type=\"text-editor.default\">\n\t\t\t\t\t\t\t\t\t<p>A weboldal s\u00fctiket (cookie-kat) haszn\u00e1l, amelyekr\u0151l k\u00fcl\u00f6n s\u00fcti t\u00e1j\u00e9koztat\u00f3 rendelkezik.<\/p>\t\t\t\t\t\t\t\t<\/div>\n\t\t\t\t<div class=\"elementor-element elementor-element-9f143e8 elementor-widget__width-initial elementor-widget elementor-widget-heading\" data-id=\"9f143e8\" data-element_type=\"widget\" data-e-type=\"widget\" data-widget_type=\"heading.default\">\n\t\t\t\t\t<div class=\"elementor-heading-title elementor-size-default\">13. Egy\u00e9b rendelkez\u00e9sek<\/div>\t\t\t\t<\/div>\n\t\t\t\t<div class=\"elementor-element elementor-element-a33cccc elementor-widget__width-initial elementor-widget elementor-widget-text-editor\" data-id=\"a33cccc\" data-element_type=\"widget\" data-e-type=\"widget\" data-widget_type=\"text-editor.default\">\n\t\t\t\t\t\t\t\t\t<p>Az Adatkezel\u0151 fenntartja a jogot a jelen t\u00e1j\u00e9koztat\u00f3 m\u00f3dos\u00edt\u00e1s\u00e1ra.<\/p>\t\t\t\t\t\t\t\t<\/div>\n\t\t\t\t<div class=\"elementor-element elementor-element-6b380d2 elementor-widget__width-initial elementor-widget elementor-widget-heading\" data-id=\"6b380d2\" data-element_type=\"widget\" data-e-type=\"widget\" data-widget_type=\"heading.default\">\n\t\t\t\t\t<div class=\"elementor-heading-title elementor-size-default\">14. Hat\u00e1lybal\u00e9p\u00e9s<\/div>\t\t\t\t<\/div>\n\t\t\t\t<div class=\"elementor-element elementor-element-26e5577 elementor-widget__width-initial elementor-widget elementor-widget-text-editor\" data-id=\"26e5577\" data-element_type=\"widget\" data-e-type=\"widget\" data-widget_type=\"text-editor.default\">\n\t\t\t\t\t\t\t\t\t<p>Hat\u00e1lyos: 2026. \u00e1prilis 16.<\/p>\t\t\t\t\t\t\t\t<\/div>\n\t\t\t\t\t<\/div>\n\t\t\t\t<\/div>\n\t\t\t\t<\/div>","protected":false},"excerpt":{"rendered":"<p>1. Adatkezel\u0151 adatai N\u00e9v: FQ Plusz Kft.Sz\u00e9khely: 7300 Koml\u00f3, HRSZ 2665\/1E-mail: fqplusz@fqplusz.huTelefonsz\u00e1m: +36-72\/581-375(a tov\u00e1bbiakban: Adatkezel\u0151) 2. Az adatkezel\u00e9s c\u00e9lja Az Adatkezel\u0151 a weboldalon tal\u00e1lhat\u00f3 aj\u00e1nlatk\u00e9r\u0151 \u0171rlapon megadott szem\u00e9lyes adatokat az al\u00e1bbi c\u00e9lokb\u00f3l kezeli: aj\u00e1nlatad\u00e1s kapcsolatfelv\u00e9tel szolg\u00e1ltat\u00e1s ny\u00fajt\u00e1s\u00e1nak el\u0151k\u00e9sz\u00edt\u00e9se Az Adatkezel\u0151 az \u00e9rintettel e-mailben vagy telefonon veszi fel a kapcsolatot. 3. Kezelt adatok k\u00f6re Az aj\u00e1nlatk\u00e9r\u00e9s [&hellip;]<\/p>\n","protected":false},"author":1,"featured_media":0,"parent":0,"menu_order":0,"comment_status":"closed","ping_status":"open","template":"elementor_header_footer","meta":{"inline_featured_image":false,"footnotes":""},"class_list":["post-3","page","type-page","status-publish","hentry"],"yoast_head":"<!-- This site is optimized with the Yoast SEO plugin v27.3 - https:\/\/yoast.com\/product\/yoast-seo-wordpress\/ -->\n<title>Adatkezel\u00e9si t\u00e1j\u00e9koztat\u00f3 - FQ Plusz<\/title>\n<meta name=\"robots\" content=\"index, follow, max-snippet:-1, max-image-preview:large, max-video-preview:-1\" \/>\n<link rel=\"canonical\" href=\"https:\/\/fqplusz.hu\/en\/adatkezelesi-tajekoztato\/\" \/>\n<meta property=\"og:locale\" content=\"en_GB\" \/>\n<meta property=\"og:type\" content=\"article\" \/>\n<meta property=\"og:title\" content=\"Adatkezel\u00e9si t\u00e1j\u00e9koztat\u00f3 - FQ Plusz\" \/>\n<meta property=\"og:description\" content=\"1. Adatkezel\u0151 adatai N\u00e9v: FQ Plusz Kft.Sz\u00e9khely: 7300 Koml\u00f3, HRSZ 2665\/1E-mail: fqplusz@fqplusz.huTelefonsz\u00e1m: +36-72\/581-375(a tov\u00e1bbiakban: Adatkezel\u0151) 2. Az adatkezel\u00e9s c\u00e9lja Az Adatkezel\u0151 a weboldalon tal\u00e1lhat\u00f3 aj\u00e1nlatk\u00e9r\u0151 \u0171rlapon megadott szem\u00e9lyes adatokat az al\u00e1bbi c\u00e9lokb\u00f3l kezeli: aj\u00e1nlatad\u00e1s kapcsolatfelv\u00e9tel szolg\u00e1ltat\u00e1s ny\u00fajt\u00e1s\u00e1nak el\u0151k\u00e9sz\u00edt\u00e9se Az Adatkezel\u0151 az \u00e9rintettel e-mailben vagy telefonon veszi fel a kapcsolatot. 3. Kezelt adatok k\u00f6re Az aj\u00e1nlatk\u00e9r\u00e9s [&hellip;]\" \/>\n<meta property=\"og:url\" content=\"https:\/\/fqplusz.hu\/en\/adatkezelesi-tajekoztato\/\" \/>\n<meta property=\"og:site_name\" content=\"FQ Plusz\" \/>\n<meta property=\"article:publisher\" content=\"https:\/\/www.facebook.com\/profile.php?id=100009154338135\" \/>\n<meta property=\"article:modified_time\" content=\"2026-04-20T10:31:18+00:00\" \/>\n<meta name=\"twitter:card\" content=\"summary_large_image\" \/>\n<meta name=\"twitter:label1\" content=\"Estimated reading time\" \/>\n\t<meta name=\"twitter:data1\" content=\"2 minutes\" \/>\n<script type=\"application\/ld+json\" class=\"yoast-schema-graph\">{\"@context\":\"https:\\\/\\\/schema.org\",\"@graph\":[{\"@type\":\"WebPage\",\"@id\":\"https:\\\/\\\/fqplusz.hu\\\/adatkezelesi-tajekoztato\\\/\",\"url\":\"https:\\\/\\\/fqplusz.hu\\\/adatkezelesi-tajekoztato\\\/\",\"name\":\"Adatkezel\u00e9si t\u00e1j\u00e9koztat\u00f3 - FQ Plusz\",\"isPartOf\":{\"@id\":\"https:\\\/\\\/fqplusz.hu\\\/#website\"},\"datePublished\":\"2026-01-30T10:08:32+00:00\",\"dateModified\":\"2026-04-20T10:31:18+00:00\",\"breadcrumb\":{\"@id\":\"https:\\\/\\\/fqplusz.hu\\\/adatkezelesi-tajekoztato\\\/#breadcrumb\"},\"inLanguage\":\"en-GB\",\"potentialAction\":[{\"@type\":\"ReadAction\",\"target\":[\"https:\\\/\\\/fqplusz.hu\\\/adatkezelesi-tajekoztato\\\/\"]}]},{\"@type\":\"BreadcrumbList\",\"@id\":\"https:\\\/\\\/fqplusz.hu\\\/adatkezelesi-tajekoztato\\\/#breadcrumb\",\"itemListElement\":[{\"@type\":\"ListItem\",\"position\":1,\"name\":\"Kezd\u0151lap\",\"item\":\"https:\\\/\\\/fqplusz.hu\\\/\"},{\"@type\":\"ListItem\",\"position\":2,\"name\":\"Adatkezel\u00e9si t\u00e1j\u00e9koztat\u00f3\"}]},{\"@type\":\"WebSite\",\"@id\":\"https:\\\/\\\/fqplusz.hu\\\/#website\",\"url\":\"https:\\\/\\\/fqplusz.hu\\\/\",\"name\":\"FQ Plusz\",\"description\":\"\",\"publisher\":{\"@id\":\"https:\\\/\\\/fqplusz.hu\\\/#organization\"},\"potentialAction\":[{\"@type\":\"SearchAction\",\"target\":{\"@type\":\"EntryPoint\",\"urlTemplate\":\"https:\\\/\\\/fqplusz.hu\\\/?s={search_term_string}\"},\"query-input\":{\"@type\":\"PropertyValueSpecification\",\"valueRequired\":true,\"valueName\":\"search_term_string\"}}],\"inLanguage\":\"en-GB\"},{\"@type\":\"Organization\",\"@id\":\"https:\\\/\\\/fqplusz.hu\\\/#organization\",\"name\":\"FQ Plusz\",\"url\":\"https:\\\/\\\/fqplusz.hu\\\/\",\"logo\":{\"@type\":\"ImageObject\",\"inLanguage\":\"en-GB\",\"@id\":\"https:\\\/\\\/fqplusz.hu\\\/#\\\/schema\\\/logo\\\/image\\\/\",\"url\":\"https:\\\/\\\/fqplusz.hu\\\/wp-content\\\/uploads\\\/2026\\\/01\\\/fqplusz_logo-01.svg\",\"contentUrl\":\"https:\\\/\\\/fqplusz.hu\\\/wp-content\\\/uploads\\\/2026\\\/01\\\/fqplusz_logo-01.svg\",\"width\":\"1024\",\"height\":\"1024\",\"caption\":\"FQ Plusz\"},\"image\":{\"@id\":\"https:\\\/\\\/fqplusz.hu\\\/#\\\/schema\\\/logo\\\/image\\\/\"},\"sameAs\":[\"https:\\\/\\\/www.facebook.com\\\/profile.php?id=100009154338135\"]}]}<\/script>\n<!-- \/ Yoast SEO plugin. -->","yoast_head_json":{"title":"Adatkezel\u00e9si t\u00e1j\u00e9koztat\u00f3 - FQ Plusz","robots":{"index":"index","follow":"follow","max-snippet":"max-snippet:-1","max-image-preview":"max-image-preview:large","max-video-preview":"max-video-preview:-1"},"canonical":"https:\/\/fqplusz.hu\/en\/adatkezelesi-tajekoztato\/","og_locale":"en_GB","og_type":"article","og_title":"Adatkezel\u00e9si t\u00e1j\u00e9koztat\u00f3 - FQ Plusz","og_description":"1. Adatkezel\u0151 adatai N\u00e9v: FQ Plusz Kft.Sz\u00e9khely: 7300 Koml\u00f3, HRSZ 2665\/1E-mail: fqplusz@fqplusz.huTelefonsz\u00e1m: +36-72\/581-375(a tov\u00e1bbiakban: Adatkezel\u0151) 2. Az adatkezel\u00e9s c\u00e9lja Az Adatkezel\u0151 a weboldalon tal\u00e1lhat\u00f3 aj\u00e1nlatk\u00e9r\u0151 \u0171rlapon megadott szem\u00e9lyes adatokat az al\u00e1bbi c\u00e9lokb\u00f3l kezeli: aj\u00e1nlatad\u00e1s kapcsolatfelv\u00e9tel szolg\u00e1ltat\u00e1s ny\u00fajt\u00e1s\u00e1nak el\u0151k\u00e9sz\u00edt\u00e9se Az Adatkezel\u0151 az \u00e9rintettel e-mailben vagy telefonon veszi fel a kapcsolatot. 3. Kezelt adatok k\u00f6re Az aj\u00e1nlatk\u00e9r\u00e9s [&hellip;]","og_url":"https:\/\/fqplusz.hu\/en\/adatkezelesi-tajekoztato\/","og_site_name":"FQ Plusz","article_publisher":"https:\/\/www.facebook.com\/profile.php?id=100009154338135","article_modified_time":"2026-04-20T10:31:18+00:00","twitter_card":"summary_large_image","twitter_misc":{"Estimated reading time":"2 minutes"},"schema":{"@context":"https:\/\/schema.org","@graph":[{"@type":"WebPage","@id":"https:\/\/fqplusz.hu\/adatkezelesi-tajekoztato\/","url":"https:\/\/fqplusz.hu\/adatkezelesi-tajekoztato\/","name":"Adatkezel\u00e9si t\u00e1j\u00e9koztat\u00f3 - FQ Plusz","isPartOf":{"@id":"https:\/\/fqplusz.hu\/#website"},"datePublished":"2026-01-30T10:08:32+00:00","dateModified":"2026-04-20T10:31:18+00:00","breadcrumb":{"@id":"https:\/\/fqplusz.hu\/adatkezelesi-tajekoztato\/#breadcrumb"},"inLanguage":"en-GB","potentialAction":[{"@type":"ReadAction","target":["https:\/\/fqplusz.hu\/adatkezelesi-tajekoztato\/"]}]},{"@type":"BreadcrumbList","@id":"https:\/\/fqplusz.hu\/adatkezelesi-tajekoztato\/#breadcrumb","itemListElement":[{"@type":"ListItem","position":1,"name":"Kezd\u0151lap","item":"https:\/\/fqplusz.hu\/"},{"@type":"ListItem","position":2,"name":"Adatkezel\u00e9si t\u00e1j\u00e9koztat\u00f3"}]},{"@type":"WebSite","@id":"https:\/\/fqplusz.hu\/#website","url":"https:\/\/fqplusz.hu\/","name":"FQ Plusz","description":"","publisher":{"@id":"https:\/\/fqplusz.hu\/#organization"},"potentialAction":[{"@type":"SearchAction","target":{"@type":"EntryPoint","urlTemplate":"https:\/\/fqplusz.hu\/?s={search_term_string}"},"query-input":{"@type":"PropertyValueSpecification","valueRequired":true,"valueName":"search_term_string"}}],"inLanguage":"en-GB"},{"@type":"Organization","@id":"https:\/\/fqplusz.hu\/#organization","name":"FQ Plusz","url":"https:\/\/fqplusz.hu\/","logo":{"@type":"ImageObject","inLanguage":"en-GB","@id":"https:\/\/fqplusz.hu\/#\/schema\/logo\/image\/","url":"https:\/\/fqplusz.hu\/wp-content\/uploads\/2026\/01\/fqplusz_logo-01.svg","contentUrl":"https:\/\/fqplusz.hu\/wp-content\/uploads\/2026\/01\/fqplusz_logo-01.svg","width":"1024","height":"1024","caption":"FQ Plusz"},"image":{"@id":"https:\/\/fqplusz.hu\/#\/schema\/logo\/image\/"},"sameAs":["https:\/\/www.facebook.com\/profile.php?id=100009154338135"]}]}},"_links":{"self":[{"href":"https:\/\/fqplusz.hu\/en\/wp-json\/wp\/v2\/pages\/3","targetHints":{"allow":["GET"]}}],"collection":[{"href":"https:\/\/fqplusz.hu\/en\/wp-json\/wp\/v2\/pages"}],"about":[{"href":"https:\/\/fqplusz.hu\/en\/wp-json\/wp\/v2\/types\/page"}],"author":[{"embeddable":true,"href":"https:\/\/fqplusz.hu\/en\/wp-json\/wp\/v2\/users\/1"}],"replies":[{"embeddable":true,"href":"https:\/\/fqplusz.hu\/en\/wp-json\/wp\/v2\/comments?post=3"}],"version-history":[{"count":7,"href":"https:\/\/fqplusz.hu\/en\/wp-json\/wp\/v2\/pages\/3\/revisions"}],"predecessor-version":[{"id":1505,"href":"https:\/\/fqplusz.hu\/en\/wp-json\/wp\/v2\/pages\/3\/revisions\/1505"}],"wp:attachment":[{"href":"https:\/\/fqplusz.hu\/en\/wp-json\/wp\/v2\/media?parent=3"}],"curies":[{"name":"wp","href":"https:\/\/api.w.org\/{rel}","templated":true}]}}